{"id":15143,"date":"2021-02-12T13:12:39","date_gmt":"2021-02-12T13:12:39","guid":{"rendered":"http:\/\/www.staging.lesonit.net\/cookie-policy\/"},"modified":"2026-01-09T10:02:29","modified_gmt":"2026-01-09T10:02:29","slug":"cookie-policy","status":"publish","type":"page","link":"https:\/\/lesonit.net\/sl\/cookie-policy\/","title":{"rendered":"Politika pi\u0161kotkov"},"content":{"rendered":"\n<p>\n    Za\u010detek veljavnosti: 21. maj 2024 <br>\n    Nazadnje posodobljeno: 21. maj 2024\n<\/p>\n\n&nbsp;\n<h5><b>Kaj so pi\u0161kotki?<\/b><\/h5>\n<div class=\"cookie-policy-p\"><p>Ta dokument o politiki pi\u0161kotkov pojasnjuje, kaj so pi\u0161kotki in kako jih uporabljamo, vrste pi\u0161kotkov, ki jih uporabljamo, tj. informacije, ki jih zbiramo s pi\u0161kotki, in kako se te informacije uporabljajo, ter kako upravljati nastavitve pi\u0161kotkov.<\/p> <p>Pi\u0161kotki so majhne besedilne datoteke, ki se uporabljajo za shranjevanje majhnih koli\u010din informacij. Shranijo se v va\u0161o napravo, ko se spletno mesto nalo\u017ei v va\u0161em brskalniku. Ti pi\u0161kotki nam pomagajo zagotavljati pravilno delovanje spletne strani, spletno stran naredijo varnej\u0161o, pomagajo zagotoviti bolj\u0161o uporabni\u0161ko izku\u0161njo in nam pomagajo razumeti, kako spletna stran funkcionira ter analizirati, kaj deluje in kaj je potrebno izbolj\u0161ati.<\/p><\/div>\n\n&nbsp;\n<h5><b>Kako uporabljamo pi\u0161kotke?<\/b><\/h5>\n<div class=\"cookie-policy-p\"><p>Kot ve\u010dina spletnih ponudnikov tudi na\u0161e spletno mesto uporablja lastne pi\u0161kotke in pi\u0161kotke tretjih oseb za ve\u010d namenov. Lastni pi\u0161kotki so ve\u010dinoma potrebni za pravilno delovanje spletnega mesta in ne zbirajo va\u0161ih osebnih podatkov.<\/p> <p>Pi\u0161kotki tretjih oseb, ki jih uporabljamo na na\u0161i spletni strani, so namenjeni predvsem razumevanju delovanja spletnega mesta, va\u0161ih interakcij z njim, zagotavljanju varnosti na\u0161ih storitev, prikazovanju oglasov, ki so relevantni za vas, ter na splo\u0161no zagotavljanju bolj\u0161e uporabni\u0161ke izku\u0161nje in hitrej\u0161i interakciji z na\u0161o spletno stranjo.<\/p><\/div>\n\n&nbsp;\n    <h5><b>Politika pi\u0161kotkov spletne strani lesonit.net<\/b><\/h5>\n\n    <div class=\"cky-audit-table-element\"><h3>Nujni<\/h3><div class=\"cky-category-des\"><p>Nujni pi\u0161kotki so potrebni za omogo\u010danje osnovnih funkcij tega spletnega mesta, kot sta zagotavljanje varne prijave ali prilagajanje va\u0161ih nastavitev soglasja. Ti pi\u0161kotki ne shranjujejo nobenih osebnih podatkov.<\/p><\/div><div class=\"cky-table-wrapper\"><table class=\"cky-cookie-audit-table\"><thead><tr><th>Pi\u0161kotek<\/th><th>Trajanje<\/th><th>Opis<\/th><\/tr><\/thead><tbody><tr><td>__cf_bm<\/td><td>1 ura<\/td><td>Ta pi\u0161kotek, ki ga nastavi Cloudflare, se uporablja za podporo Cloudflare Bot Management.<\/td><\/tr><tr><td>cookieyes-consent<\/td><td>1 leto<\/td><td>CookieYes nastavi ta pi\u0161kotek, da si zapomni nastavitve uporabnikov glede soglasja, tako da se njihove nastavitve upo\u0161tevajo ob naslednjih obiskih tega spletnega mesta. Ne zbira ali shranjuje nobenih osebnih podatkov o obiskovalcih spletne strani.<\/td><\/tr><tr><td>JSESSIONID<\/td><td>seja<\/td><td>New Relic uporablja ta pi\u0161kotek za shranjevanje identifikatorja seje, tako da lahko New Relic spremlja \u0161tevilo sej za aplikacijo.<\/td><\/tr><\/tbody><\/table><\/div><h3>Funkcionalni pi\u0161kotki<\/h3><div class=\"cky-category-des\"><p>Funkcionalni pi\u0161kotki pomagajo pri izvajanju dolo\u010denih funkcij, kot so deljenje vsebine spletnega mesta na platformah dru\u017ebenih medijev, zbiranje povratnih informacij in druge funkcije s strani tretjih oseb.<\/p><\/div><div class=\"cky-table-wrapper\"><table class=\"cky-cookie-audit-table\"><thead><tr><th>Pi\u0161kotek<\/th><th>Trajanje<\/th><th>Opis<\/th><\/tr><\/thead><tbody><tr><td>lidc<\/td><td>1 dan<\/td><td>LinkedIn nastavi pi\u0161kotek lidc za omogo\u010danje izbire podatkovnega centra.<\/td><\/tr><tr><td>UserMatchHistory<\/td><td>1 mesec<\/td><td>LinkedIn nastavi ta pi\u0161kotek za usklajevanje ogla\u0161evalskih ID-jev LinkedIn Ads.<\/td><\/tr><tr><td>li_gc<\/td><td>6 mesecev<\/td><td>LinkedIn nastavi ta pi\u0161kotek za shranjevanje soglasja obiskovalca glede uporabe pi\u0161kotkov za neobvezne namene.<\/td><\/tr><\/tbody><\/table><\/div><h3>Analitika<\/h3><div class=\"cky-category-des\"><p>Analiti\u010dni pi\u0161kotki se uporabljajo za razumevanje, kako obiskovalci uporabljajo spletno stran. Ti pi\u0161kotki pomagajo zagotavljati informacije o kazalnikih, kot so \u0161tevilo obiskovalcev, stopnja odklona (bounce rate), vir prometa ipd.<\/p><\/div><div class=\"cky-table-wrapper\"><table class=\"cky-cookie-audit-table\"><thead><tr><th>Pi\u0161kotek<\/th><th>Trajanje<\/th><th>Opis<\/th><\/tr><\/thead><tbody><tr><td>_ga_*<\/td><td>1 leto, 1 mesec, 4 dni<\/td><td>Google Analytics nastavi ta pi\u0161kotek za shranjevanje in \u0161tetje ogledov strani.<\/td><\/tr><tr><td>_ga<\/td><td>1 leto, 1 mesec, 4 dni<\/td><td>Google Analytics nastavi ta pi\u0161kotek za izra\u010dun podatkov o obiskovalcih, sejah in kampanjah ter za sledenje uporabe spletnega mesta za analiti\u010dno poro\u010dilo. Pi\u0161kotek anonimno shranjuje informacije in dodeli naklju\u010dno generirano \u0161tevilko za prepoznavanje edinstvenih obiskovalcev.<\/td><\/tr><tr><td>_gcl_au<\/td><td>3 mesece<\/td><td>Google Tag Manager nastavi ta pi\u0161kotek za preizku\u0161anje u\u010dinkovitosti ogla\u0161evanja na spletnih mestih, ki uporabljajo njegove storitve.<\/td><\/tr><tr><td>AnalyticsSyncHistory<\/td><td>1 mesec<\/td><td>LinkedIn nastavi ta pi\u0161kotek za shranjevanje informacij o \u010dasu, ko je bila izvedena sinhronizacija s pi\u0161kotkom lms_analytics.<\/td><\/tr><tr><td>vuid<\/td><td>1 leto, 1 mesec, 4 dni<\/td><td>Vimeo namesti ta pi\u0161kotek za zbiranje informacij o sledenju z nastavitvijo edinstvenega ID-ja za vdelavo videoposnetkov na spletni strani.<\/td><\/tr><\/tbody><\/table><\/div><h3>Ogla\u0161evanje<\/h3><div class=\"cky-category-des\"><p>Pi\u0161kotki za oglase se uporabljajo za prikazovanje prilagojenih oglasov obiskovalcem na podlagi strani, ki so jih prej obiskali, ter za analizo u\u010dinkovitosti ogla\u0161evalskih kampanj.<\/p><\/div><div class=\"cky-table-wrapper\"><table class=\"cky-cookie-audit-table\"><thead><tr><th>Pi\u0161kotek<\/th><th>Trajanje<\/th><th>Opis<\/th><\/tr><\/thead><tbody><tr><td>li_sugr<\/td><td>3 mesece<\/td><td>LinkedIn nastavi ta pi\u0161kotek za zbiranje podatkov o vedenju uporabnikov, da optimizira spletno stran in prika\u017ee ustreznej\u0161e oglase.<\/td><\/tr><tr><td>bcookie<\/td><td>1 leto<\/td><td>LinkedIn nastavi ta pi\u0161kotek preko gumbov za deljenje in oglasnih oznak, da prepozna ID-je brskalnikov.<\/td><\/tr><tr><td>bscookie<\/td><td>1 leto<\/td><td>LinkedIn nastavi ta pi\u0161kotek za shranjevanje izvedenih dejanj na spletni strani.<\/td><\/tr><\/tbody><\/table><\/div><h3>Nekategorizirani pi\u0161kotki<\/h3><div class=\"cky-category-des\"><p>Drugi nekategorizirani pi\u0161kotki so tisti, ki se trenutno analizirajo in \u0161e niso bili razvr\u0161\u010deni v katero koli kategorijo.<\/p><\/div><div class=\"cky-table-wrapper\"><table class=\"cky-cookie-audit-table\"><thead><tr><th>Pi\u0161kotek<\/th><th>Trajanje<\/th><th>Opis<\/th><\/tr><\/thead><tbody><tr><td>_cfuvid<\/td><td>seja<\/td><td>Opis trenutno ni na voljo.<\/td><\/tr><tr><td>iub_storage_available<\/td><td>1 leto<\/td><td>Opis trenutno ni na voljo.<\/td><\/tr><\/tbody><\/table><\/div><\/div>\n\n&nbsp;\n    <h5 style=\"margin-bottom:20px;\"><b>Upravljanje nastavitev pi\u0161kotkov<\/b><\/h5>\n\n    <a class=\"cky-banner-element\">Nastavitve pi\u0161kotkov<\/a> <br>\n\n    <div><p>Svoje nastavitve pi\u0161kotkov lahko kadar koli spremenite s klikom na zgornji gumb. To vam omogo\u010da, da ponovno odprete pasico za soglasje za pi\u0161kotke ter spremenite svoje nastavitve ali takoj prekli\u010dete soglasje.<\/p> <p>Poleg tega razli\u010dni brskalniki ponujajo razli\u010dne na\u010dine za blokiranje in brisanje pi\u0161kotkov, ki jih uporabljajo spletna mesta. Nastavitve brskalnika lahko spremenite tako, da blokirate ali izbri\u0161ete pi\u0161kotke. Spodaj so navedene povezave do podpornih dokumentov z navodili, kako upravljati in brisati pi\u0161kotke v glavnih spletnih brskalnikih.<\/p> <p>Chrome: <a href=\"https:\/\/support.google.com\/accounts\/answer\/32050\" target=\"_blank\" rel=\"noopener\">https:\/\/support.google.com\/accounts\/answer\/32050<\/a><\/p><p>Safari: <a href=\"https:\/\/support.apple.com\/en-in\/guide\/safari\/sfri11471\/mac\" target=\"_blank\" rel=\"noopener\">https:\/\/support.apple.com\/en-in\/guide\/safari\/sfri11471\/mac<\/a><\/p><p>Firefox: <a href=\"https:\/\/support.mozilla.org\/en-US\/kb\/clear-cookies-and-site-data-firefox?redirectslug=delete-cookies-remove-info-websites-stored&amp;redirectlocale=en-US\" target=\"_blank\" rel=\"noopener\">https:\/\/support.mozilla.org\/en-US\/kb\/clear-cookies-and-site-data-firefox?redirectslug=delete-cookies-remove-info-websites-stored&amp;redirectlocale=en-US<\/a><\/p><p>Internet Explorer: <a href=\"https:\/\/support.microsoft.com\/en-us\/topic\/how-to-delete-cookie-files-in-internet-explorer-bca9446f-d873-78de-77ba-d42645fa52fc\" target=\"_blank\" rel=\"noopener\">https:\/\/support.microsoft.com\/en-us\/topic\/how-to-delete-cookie-files-in-internet-explorer-bca9446f-d873-78de-77ba-d42645fa52fc<\/a><\/p><p>\u010ce uporabljate kateri koli drug spletni brskalnik, obi\u0161\u010dite uradno podporno dokumentacijo svojega brskalnika.<\/p><\/div>\n\n\n&nbsp;\n<p class=\"cookie-policy-p\">\n    Pravilnik o pi\u0161kotkih je ustvarjen s pomo\u010djo <a target=\"_blank\" href=\"https:\/\/www.cookieyes.com\/?utm_source=CP&amp;utm_medium=footer&amp;utm_campaign=UW\" rel=\"noopener\">CookieYes \u2013 Cookie Policy Generator<\/a>.\n<\/p>\n","protected":false},"excerpt":{"rendered":"<p>Za\u010detek veljavnosti: 21. maj 2024 Nazadnje posodobljeno: 21. maj 2024 &nbsp; Kaj so pi\u0161kotki? Ta dokument o politiki pi\u0161kotkov pojasnjuje, kaj so pi\u0161kotki in kako jih uporabljamo, vrste pi\u0161kotkov, ki jih uporabljamo, tj. informacije, ki jih zbiramo s pi\u0161kotki, in kako se te informacije uporabljajo, ter kako upravljati nastavitve pi\u0161kotkov. Pi\u0161kotki so majhne besedilne datoteke, &hellip; <a href=\"https:\/\/lesonit.net\/sl\/cookie-policy\/\">Continued<\/a><\/p>\n","protected":false},"author":1,"featured_media":0,"parent":0,"menu_order":0,"comment_status":"closed","ping_status":"closed","template":"template-container.blade.php","meta":[],"acf":[],"yoast_head":"<!-- This site is optimized with the Yoast SEO plugin v21.5 - https:\/\/yoast.com\/wordpress\/plugins\/seo\/ -->\n<title>Politika pi\u0161kotkov - Lesonit<\/title>\n<meta name=\"robots\" content=\"index, follow, max-snippet:-1, max-image-preview:large, max-video-preview:-1\" \/>\n<link rel=\"canonical\" href=\"https:\/\/lesonit.net\/sl\/cookie-policy\/\" \/>\n<meta property=\"og:locale\" content=\"en_US\" \/>\n<meta property=\"og:type\" content=\"article\" \/>\n<meta property=\"og:title\" content=\"Politika pi\u0161kotkov - Lesonit\" \/>\n<meta property=\"og:description\" content=\"Za\u010detek veljavnosti: 21. maj 2024 Nazadnje posodobljeno: 21. maj 2024 &nbsp; Kaj so pi\u0161kotki? Ta dokument o politiki pi\u0161kotkov pojasnjuje, kaj so pi\u0161kotki in kako jih uporabljamo, vrste pi\u0161kotkov, ki jih uporabljamo, tj. informacije, ki jih zbiramo s pi\u0161kotki, in kako se te informacije uporabljajo, ter kako upravljati nastavitve pi\u0161kotkov. Pi\u0161kotki so majhne besedilne datoteke, &hellip; Continued\" \/>\n<meta property=\"og:url\" content=\"https:\/\/lesonit.net\/sl\/cookie-policy\/\" \/>\n<meta property=\"og:site_name\" content=\"Lesonit\" \/>\n<meta property=\"article:publisher\" content=\"https:\/\/facebook.com\/FantoniSPA\" \/>\n<meta property=\"article:modified_time\" content=\"2026-01-09T10:02:29+00:00\" \/>\n<meta name=\"twitter:card\" content=\"summary_large_image\" \/>\n<meta name=\"twitter:label1\" content=\"Est. reading time\" \/>\n\t<meta name=\"twitter:data1\" content=\"5 minutes\" \/>\n<script type=\"application\/ld+json\" class=\"yoast-schema-graph\">{\"@context\":\"https:\/\/schema.org\",\"@graph\":[{\"@type\":\"WebPage\",\"@id\":\"https:\/\/lesonit.net\/sl\/cookie-policy\/\",\"url\":\"https:\/\/lesonit.net\/sl\/cookie-policy\/\",\"name\":\"Politika pi\u0161kotkov - Lesonit\",\"isPartOf\":{\"@id\":\"https:\/\/lesonit.net\/#website\"},\"datePublished\":\"2021-02-12T13:12:39+00:00\",\"dateModified\":\"2026-01-09T10:02:29+00:00\",\"breadcrumb\":{\"@id\":\"https:\/\/lesonit.net\/sl\/cookie-policy\/#breadcrumb\"},\"inLanguage\":\"sl\",\"potentialAction\":[{\"@type\":\"ReadAction\",\"target\":[\"https:\/\/lesonit.net\/sl\/cookie-policy\/\"]}]},{\"@type\":\"BreadcrumbList\",\"@id\":\"https:\/\/lesonit.net\/sl\/cookie-policy\/#breadcrumb\",\"itemListElement\":[{\"@type\":\"ListItem\",\"position\":1,\"name\":\"Home\",\"item\":\"https:\/\/lesonit.net\/?lang=sl\"},{\"@type\":\"ListItem\",\"position\":2,\"name\":\"Politika pi\u0161kotkov\"}]},{\"@type\":\"WebSite\",\"@id\":\"https:\/\/lesonit.net\/#website\",\"url\":\"https:\/\/lesonit.net\/\",\"name\":\"Fantoni SPA\",\"description\":\"produzione di mobili per ufficio, pannelli truciolari e MDF\",\"publisher\":{\"@id\":\"https:\/\/lesonit.net\/#organization\"},\"potentialAction\":[{\"@type\":\"SearchAction\",\"target\":{\"@type\":\"EntryPoint\",\"urlTemplate\":\"https:\/\/lesonit.net\/?s={search_term_string}\"},\"query-input\":\"required name=search_term_string\"}],\"inLanguage\":\"sl\"},{\"@type\":\"Organization\",\"@id\":\"https:\/\/lesonit.net\/#organization\",\"name\":\"Fantoni SPA\",\"url\":\"https:\/\/lesonit.net\/\",\"logo\":{\"@type\":\"ImageObject\",\"inLanguage\":\"sl\",\"@id\":\"https:\/\/lesonit.net\/#\/schema\/logo\/image\/\",\"url\":\"http:\/\/lesonit.net\/app\/uploads\/2021\/02\/fantoni.png\",\"contentUrl\":\"http:\/\/lesonit.net\/app\/uploads\/2021\/02\/fantoni.png\",\"width\":512,\"height\":119,\"caption\":\"Fantoni SPA\"},\"image\":{\"@id\":\"https:\/\/lesonit.net\/#\/schema\/logo\/image\/\"},\"sameAs\":[\"https:\/\/facebook.com\/FantoniSPA\",\"https:\/\/www.instagram.com\/fantonigroup\/\",\"https:\/\/www.linkedin.com\/company\/fantoni-spa\",\"https:\/\/www.youtube.com\/user\/fantonigroup\/featured\"]}]}<\/script>\n<!-- \/ Yoast SEO plugin. -->","yoast_head_json":{"title":"Politika pi\u0161kotkov - Lesonit","robots":{"index":"index","follow":"follow","max-snippet":"max-snippet:-1","max-image-preview":"max-image-preview:large","max-video-preview":"max-video-preview:-1"},"canonical":"https:\/\/lesonit.net\/sl\/cookie-policy\/","og_locale":"en_US","og_type":"article","og_title":"Politika pi\u0161kotkov - Lesonit","og_description":"Za\u010detek veljavnosti: 21. maj 2024 Nazadnje posodobljeno: 21. maj 2024 &nbsp; Kaj so pi\u0161kotki? Ta dokument o politiki pi\u0161kotkov pojasnjuje, kaj so pi\u0161kotki in kako jih uporabljamo, vrste pi\u0161kotkov, ki jih uporabljamo, tj. informacije, ki jih zbiramo s pi\u0161kotki, in kako se te informacije uporabljajo, ter kako upravljati nastavitve pi\u0161kotkov. Pi\u0161kotki so majhne besedilne datoteke, &hellip; Continued","og_url":"https:\/\/lesonit.net\/sl\/cookie-policy\/","og_site_name":"Lesonit","article_publisher":"https:\/\/facebook.com\/FantoniSPA","article_modified_time":"2026-01-09T10:02:29+00:00","twitter_card":"summary_large_image","twitter_misc":{"Est. reading time":"5 minutes"},"schema":{"@context":"https:\/\/schema.org","@graph":[{"@type":"WebPage","@id":"https:\/\/lesonit.net\/sl\/cookie-policy\/","url":"https:\/\/lesonit.net\/sl\/cookie-policy\/","name":"Politika pi\u0161kotkov - Lesonit","isPartOf":{"@id":"https:\/\/lesonit.net\/#website"},"datePublished":"2021-02-12T13:12:39+00:00","dateModified":"2026-01-09T10:02:29+00:00","breadcrumb":{"@id":"https:\/\/lesonit.net\/sl\/cookie-policy\/#breadcrumb"},"inLanguage":"sl","potentialAction":[{"@type":"ReadAction","target":["https:\/\/lesonit.net\/sl\/cookie-policy\/"]}]},{"@type":"BreadcrumbList","@id":"https:\/\/lesonit.net\/sl\/cookie-policy\/#breadcrumb","itemListElement":[{"@type":"ListItem","position":1,"name":"Home","item":"https:\/\/lesonit.net\/?lang=sl"},{"@type":"ListItem","position":2,"name":"Politika pi\u0161kotkov"}]},{"@type":"WebSite","@id":"https:\/\/lesonit.net\/#website","url":"https:\/\/lesonit.net\/","name":"Fantoni SPA","description":"produzione di mobili per ufficio, pannelli truciolari e MDF","publisher":{"@id":"https:\/\/lesonit.net\/#organization"},"potentialAction":[{"@type":"SearchAction","target":{"@type":"EntryPoint","urlTemplate":"https:\/\/lesonit.net\/?s={search_term_string}"},"query-input":"required name=search_term_string"}],"inLanguage":"sl"},{"@type":"Organization","@id":"https:\/\/lesonit.net\/#organization","name":"Fantoni SPA","url":"https:\/\/lesonit.net\/","logo":{"@type":"ImageObject","inLanguage":"sl","@id":"https:\/\/lesonit.net\/#\/schema\/logo\/image\/","url":"http:\/\/lesonit.net\/app\/uploads\/2021\/02\/fantoni.png","contentUrl":"http:\/\/lesonit.net\/app\/uploads\/2021\/02\/fantoni.png","width":512,"height":119,"caption":"Fantoni SPA"},"image":{"@id":"https:\/\/lesonit.net\/#\/schema\/logo\/image\/"},"sameAs":["https:\/\/facebook.com\/FantoniSPA","https:\/\/www.instagram.com\/fantonigroup\/","https:\/\/www.linkedin.com\/company\/fantoni-spa","https:\/\/www.youtube.com\/user\/fantonigroup\/featured"]}]}},"_links":{"self":[{"href":"https:\/\/lesonit.net\/sl\/wp-json\/wp\/v2\/pages\/15143"}],"collection":[{"href":"https:\/\/lesonit.net\/sl\/wp-json\/wp\/v2\/pages"}],"about":[{"href":"https:\/\/lesonit.net\/sl\/wp-json\/wp\/v2\/types\/page"}],"author":[{"embeddable":true,"href":"https:\/\/lesonit.net\/sl\/wp-json\/wp\/v2\/users\/1"}],"replies":[{"embeddable":true,"href":"https:\/\/lesonit.net\/sl\/wp-json\/wp\/v2\/comments?post=15143"}],"version-history":[{"count":18,"href":"https:\/\/lesonit.net\/sl\/wp-json\/wp\/v2\/pages\/15143\/revisions"}],"predecessor-version":[{"id":16448,"href":"https:\/\/lesonit.net\/sl\/wp-json\/wp\/v2\/pages\/15143\/revisions\/16448"}],"wp:attachment":[{"href":"https:\/\/lesonit.net\/sl\/wp-json\/wp\/v2\/media?parent=15143"}],"curies":[{"name":"wp","href":"https:\/\/api.w.org\/{rel}","templated":true}]}}