{"id":15174,"date":"2021-01-20T07:54:15","date_gmt":"2021-01-20T07:54:15","guid":{"rendered":"http:\/\/www.staging.lesonit.net\/group\/fantoni-research-centre\/"},"modified":"2025-02-18T10:14:26","modified_gmt":"2025-02-18T10:14:26","slug":"raziskovalno-sredisce-fantoni","status":"publish","type":"page","link":"https:\/\/lesonit.net\/sl\/group\/raziskovalno-sredisce-fantoni\/","title":{"rendered":"Fantoni Research Centre"},"content":{"rendered":"<div id=\"block_1b84da5ce42f07c36e6e4742759355cb\" class=\"wp-block-hero relative overflow-hidden\">\n  <div class=\" min-h-top-screen bg-cover bg-center bg-no-repeat\"\n    style=\"background-image: url(https:\/\/lesonit.net\/app\/uploads\/2021\/01\/CentroRicercheEsterno.jpg\">\n          <div class=\"absolute inset-0 bg-gradient-to-br from-black to-transparent opacity-50\"><\/div>\n        <div class=\"wrapper text-white relative py-[15vh]\">\n      <h1 class=\"gsap-reveal text-4xl font-semibold uppercase leading-none sm:text-6xl lg:text-8xl\">\n        RAZISKOVALNO SREDI\u0160\u010cE FANTONI\n      <\/h1>\n          <\/div>\n      <\/div>\n  <\/div><!-- acf\/hero -->\n\n\n<script type=\"text\/javascript\">jQuery(function() { _initLayerSlider( '#layerslider_28_1600m4px9wd5w', {createdWith: '6.11.2', sliderVersion: '6.11.2', type: 'fullwidth', allowFullscreen: true, cycles: 5, skin: 'v6', sliderFadeInDuration: 350, navPrevNext: false, hoverPrevNext: false, navStartStop: false, navButtons: false, showCircleTimer: false, useSrcset: true, skinsPath: 'https:\/\/lesonit.net\/app\/plugins\/layerslider\/assets\/static\/layerslider\/skins\/', performanceMode: true}); });<\/script><div id=\"layerslider_28_1600m4px9wd5w\" class=\"ls-wp-container fitvidsignore\" style=\"width:1280px;height:720px;margin:0 auto;margin-bottom: 0px;\"><div class=\"ls-slide\" data-ls=\"duration:2500;transition2d:5;\"><img width=\"1220\" height=\"505\" src=\"https:\/\/lesonit.net\/app\/uploads\/2021\/02\/logocrfscomposto-3.png\" class=\"ls-l ls-img-layer\" alt=\"\" decoding=\"async\" srcset=\"https:\/\/lesonit.net\/app\/uploads\/2021\/02\/logocrfscomposto-3.png 1220w, https:\/\/lesonit.net\/app\/uploads\/2021\/02\/logocrfscomposto-3-300x124.png 300w, https:\/\/lesonit.net\/app\/uploads\/2021\/02\/logocrfscomposto-3-1024x424.png 1024w, https:\/\/lesonit.net\/app\/uploads\/2021\/02\/logocrfscomposto-3-768x318.png 768w, https:\/\/lesonit.net\/app\/uploads\/2021\/02\/logocrfscomposto-3-480x199.png 480w, https:\/\/lesonit.net\/app\/uploads\/2021\/02\/logocrfscomposto-3-640x265.png 640w, https:\/\/lesonit.net\/app\/uploads\/2021\/02\/logocrfscomposto-3-916x379.png 916w, https:\/\/lesonit.net\/app\/uploads\/2021\/02\/logocrfscomposto-3-1030x426.png 1030w\" sizes=\"(max-width: 1220px) 100vw, 1220px\" style=\"top:148px;left:200px;background-size:inherit;background-position:inherit;width:890px;height:364px;\" data-ls=\"position:relative;\"><p style=\"top:524px;left:839px;font-weight:700;background-size:inherit;background-position:inherit;font-size:24px;\" class=\"ls-l ls-text-layer\" data-ls=\"keyframe:true;position:relative;\">ALL ROUND RESEARCH<\/p><p style=\"top:525px;left:171px;font-weight:700;background-size:inherit;background-position:inherit;font-size:24px;line-height:falsepx;\" class=\"ls-l ls-text-layer\" data-ls=\"position:relative;\">HOME OF KNOWLEDGE<\/p><p style=\"top:525px;left:540px;font-weight:700;background-size:inherit;background-position:inherit;font-size:24px;line-height:falsepx;\" class=\"ls-l ls-text-layer\" data-ls=\"position:relative;\">HOME OF ACTION<\/p><\/div><div class=\"ls-slide\" data-ls=\"duration:3000;\"><img width=\"446\" height=\"508\" src=\"https:\/\/lesonit.net\/app\/uploads\/2021\/01\/logocrfcompleto.png\" class=\"ls-l ls-img-layer\" alt=\"\" decoding=\"async\" srcset=\"https:\/\/lesonit.net\/app\/uploads\/2021\/01\/logocrfcompleto.png 446w, https:\/\/lesonit.net\/app\/uploads\/2021\/01\/logocrfcompleto-263x300.png 263w\" sizes=\"(max-width: 446px) 100vw, 446px\" style=\"top:153px;left:476px;background-size:inherit;background-position:inherit;width:293px;height:332px;font-size:13px;line-height:falsepx;\" data-ls=\"position:relative;\"><p style=\"top:526px;left:479px;font-weight:700;background-size:inherit;background-position:inherit;font-size:24px;line-height:falsepx;\" class=\"ls-l ls-text-layer\" data-ls=\"keyframe:true;position:relative;\">FANTONI RESEARCH CENTER<\/p><\/div><\/div>\n\n<div id=\"block_d10103cb2cbb861ef841ecb45e1ecef4\" class=\"wp-block-gridtwo alignfull relative\" data-layout=\"4\">\n      <div class=\"relative min-h-[40vh] lg:min-h-screen\" style=\" color:#ffffff; \">\n      \n      <img decoding=\"async\" class=\"md:absolute md:inset-0 md:h-full md:w-full md:object-cover md:object-center\"\n        src=\"https:\/\/lesonit.net\/app\/uploads\/2021\/01\/centro-ricerche-fantoni-004.jpg\"\n        alt=\"\">\n      <div\n        class=\"justify-end  flex flex-col\">\n        <div class=\"wrapper relative pb-12 pt-5 md:py-12 lg:py-16\">\n          <div\n            class=\" flex flex-col items-start justify-start gap-10 text-black md:w-1\/2 md:text-inherit lg:gap-16\">\n                          <h2 class=\"text-3xl font-bold leading-none md:text-5xl lg:text-6xl xl:text-7xl\">\n                Raziskovanje kot vodilo \n                <\/h2>\n                                      <div class=\"text-lg font-medium leading-snug md:text-xl\">\n                <strong><\/strong><br \/>\n                Obnavljati, odkrivati neznane poti, spodbujati spremembe: raziskovanje kot vodilo predstavlja nenehen izziv za u\u010denje in rast.\n              <\/div>\n                                  <\/div>\n        <\/div>\n      <\/div>\n    <\/div>\n  <\/div><!-- acf\/gridtwo - layout 4 -->\n\n\n<div id=\"block_3c5ed26e0128ec3a588dea7e24547cb4\" class=\"wp-block-textcenter py-16 lg:py-24\" style=\"background-color:#ffffff; color:#000000;\">\n  <div class=\"wrapper md:text-center\" style=\"--wrapper-width: 960px;\">\n          <h2 class=\"text-[2.5rem] font-bold leading-none md:text-5xl lg:text-6xl xl:text-7xl\">\n        Kjer se industrija in kultura zdru\u017eita\n        <\/h2>\n          <\/div>\n<\/div><!-- acf\/textcenter -->\n\n\n<div id=\"block_c4a87c88fd170af08267d837e3cb4be8\" class=\"wp-block-gridtwo alignfull relative\" data-layout=\"4\">\n      <div class=\"relative min-h-[40vh] lg:min-h-screen\" style=\" color:#ffffff; \">\n      \n      <img decoding=\"async\" class=\"md:absolute md:inset-0 md:h-full md:w-full md:object-cover md:object-center\"\n        src=\"https:\/\/lesonit.net\/app\/uploads\/2021\/01\/centro-ricerche-fantoni-002.jpg\"\n        alt=\"\">\n      <div\n        class=\"justify-end  flex flex-col\">\n        <div class=\"wrapper relative pb-12 pt-5 md:py-12 lg:py-16\">\n          <div\n            class=\" flex flex-col items-start justify-start gap-10 text-black md:w-1\/2 md:text-inherit lg:gap-16\">\n                                              <\/div>\n        <\/div>\n      <\/div>\n    <\/div>\n  <\/div><!-- acf\/gridtwo - layout 4 -->\n\n\n<div id=\"block_fb051d6b1cfa7cc326b5624fe9a54ab4\" class=\"wp-block-gridtwo alignfull relative\" data-layout=\"2\">\n      <div class=\"flex flex-col lg:flex-row\" data-img-desktop=\"left\"\n      data-img-mobile=\"bottom\">\n      <div\n        class=\" lg:order-2 flex flex-col items-start justify-center lg:w-1\/2\"\n        style=\" color:#0a0a0a;\">\n                    <div class=\"gsap-up wrapper py-16 lg:py-24 xl:py-32\" data-layout=\"2\">\n              <h2 class=\"text-3xl font-bold leading-none md:text-5xl lg:text-6xl xl:text-7xl\">\n                Raziskovalno Sredi\u0161\u010de Fantoni\n                <\/h2>\n                                  <div class=\"flex flex-col gap-2 pt-10 text-lg leading-snug md:text-xl\">\n                    <p class=\"text-lg font-semibold md:text-2xl\">Obmo\u010dje\/prostor za raziskave, sre\u010danja\/dru\u017eenje, izmenjavo znanj <\/p>\n                    <p>Raziskovalno sredi\u0161\u010de je simbol Fantonijeve filozofije, kjer se sre\u010data industrija in kultura in \u010digar namen je spodbuditi razmi\u0161ljanje in komunikacijo.  Raziskovalno sredi\u0161\u010de v Osoppu je bilo ustanovljeno leta 1996. Raziskovalno sredi\u0161\u010de predstavlja center znanja, v katerem se razvijajo ideje in kjer se interna znanja sre\u010dajo z zunanjim svetom in dru\u017ebo z dejavnostmi, kot so delavnice, konference, seminarji, \u0161tudije in publikacije, kot je na primer zalo\u017eni\u0161ka hi\u0161a Blueindustry.  V teh prostorih se sre\u010dujejo mednarodni strokovnjaki, nobelovi nagrajenci, predstavniki iz sveta znanosti in gospodarstva, oblikovanja, umetnosti ter u\u010denjaki in \u0161tudentje, da bi preu\u010devali naslednje tematike: trajnost, oblikovanje, delovno okolje, materiale, akustiko in inovacije. \r\n<\/p>\n                  <\/div>\n                                            <\/div><!-- data-layout=\"2\" -->\n                <\/div>\n\n      <div\n        class=\" lg:order-1 lg:w-1\/2\">\n                  <div class=\" relative h-full\">\n                          \n              <img decoding=\"async\" class=\" h-full w-full object-center\"\n                src=\"https:\/\/lesonit.net\/app\/uploads\/2021\/01\/centro-ricerche-fantoni-005.jpg\">\n                                  <\/div>\n              <\/div>\n    <\/div><!-- data-layout=\"1\/2\/3\" -->\n  <\/div><!-- acf\/gridtwo - layout 2 -->\n\n\n<div id=\"block_fe146349506ccfae6ed8c5133b3cd22e\" class=\"wp-block-gridtwo alignfull relative\" data-layout=\"2\">\n      <div class=\"flex flex-col lg:flex-row\" data-img-desktop=\"right\"\n      data-img-mobile=\"bottom\">\n      <div\n        class=\" lg:order-1 flex flex-col items-start justify-center lg:w-1\/2\"\n        style=\"background-color:#e8e6de; color:#000;\">\n                    <div class=\"gsap-up wrapper py-16 lg:py-24 xl:py-32\" data-layout=\"2\">\n              <h2 class=\"text-3xl font-bold leading-none md:text-5xl lg:text-6xl xl:text-7xl\">\n                Spodbujamo ustvarjalnost \n                <\/h2>\n                                  <div class=\"flex flex-col gap-2 pt-10 text-lg leading-snug md:text-xl\">\n                    <p class=\"text-lg font-semibold md:text-2xl\"><\/p>\n                    <p>Biti odprt za nove mo\u017enosti, biti radoveden in spodbujati ustvarjalnost. To je duh, ki vodi skupino Fantoni in ki je spodbudil sodelovanje z mednarodnimi umetniki in oblikovalci ter priznanimi kulturnimi organizacijami, kot je Bene\u0161ki bienale.  S slednjimi nas dru\u017eijo skupne vrednote in posledi\u010dno vzajemno prizadevanje za projekt. Zaradi tega je zvo\u010dno vpojna plo\u0161\u010da 4akustik lahko postala del poskusnega objekta Revenge, ki ga je zasnoval umetnik Nico Vascellari. <\/p>\n                  <\/div>\n                                            <\/div><!-- data-layout=\"2\" -->\n                <\/div>\n\n      <div\n        class=\" lg:order-2 lg:w-1\/2\">\n                  <div class=\" relative h-full\">\n                          \n              <img decoding=\"async\" class=\" h-full w-full object-center\"\n                src=\"https:\/\/lesonit.net\/app\/uploads\/2021\/01\/vascellari-fantoni-revenge.jpg\">\n                                  <\/div>\n              <\/div>\n    <\/div><!-- data-layout=\"1\/2\/3\" -->\n  <\/div><!-- acf\/gridtwo - layout 2 -->\n\n\n\n<p><\/p>\n","protected":false},"excerpt":{"rendered":"","protected":false},"author":3,"featured_media":0,"parent":15165,"menu_order":0,"comment_status":"closed","ping_status":"closed","template":"","meta":[],"acf":[],"yoast_head":"<!-- This site is optimized with the Yoast SEO plugin v21.5 - https:\/\/yoast.com\/wordpress\/plugins\/seo\/ -->\n<title>Raziskovalno Sredisce Fantoni - Lesonit<\/title>\n<meta name=\"description\" content=\"Raziskovalni center je simbol filozofije Fantoni, v kateri se industrija in kultura zdru\u017eujeta za razmi\u0161ljanje in komunikacijo.\" \/>\n<meta name=\"robots\" content=\"index, follow, max-snippet:-1, max-image-preview:large, max-video-preview:-1\" \/>\n<link rel=\"canonical\" href=\"https:\/\/lesonit.net\/sl\/group\/raziskovalno-sredisce-fantoni\/\" \/>\n<meta property=\"og:locale\" content=\"en_US\" \/>\n<meta property=\"og:type\" content=\"article\" \/>\n<meta property=\"og:title\" content=\"Raziskovalno Sredisce Fantoni - Lesonit\" \/>\n<meta property=\"og:description\" content=\"Raziskovalni center je simbol filozofije Fantoni, v kateri se industrija in kultura zdru\u017eujeta za razmi\u0161ljanje in komunikacijo.\" \/>\n<meta property=\"og:url\" content=\"https:\/\/lesonit.net\/sl\/group\/raziskovalno-sredisce-fantoni\/\" \/>\n<meta property=\"og:site_name\" content=\"Lesonit\" \/>\n<meta property=\"article:publisher\" content=\"https:\/\/facebook.com\/FantoniSPA\" \/>\n<meta property=\"article:modified_time\" content=\"2025-02-18T10:14:26+00:00\" \/>\n<meta name=\"twitter:card\" content=\"summary_large_image\" \/>\n<script type=\"application\/ld+json\" class=\"yoast-schema-graph\">{\"@context\":\"https:\/\/schema.org\",\"@graph\":[{\"@type\":\"WebPage\",\"@id\":\"https:\/\/lesonit.net\/sl\/group\/raziskovalno-sredisce-fantoni\/\",\"url\":\"https:\/\/lesonit.net\/sl\/group\/raziskovalno-sredisce-fantoni\/\",\"name\":\"Raziskovalno Sredisce Fantoni - Lesonit\",\"isPartOf\":{\"@id\":\"https:\/\/lesonit.net\/#website\"},\"datePublished\":\"2021-01-20T07:54:15+00:00\",\"dateModified\":\"2025-02-18T10:14:26+00:00\",\"description\":\"Raziskovalni center je simbol filozofije Fantoni, v kateri se industrija in kultura zdru\u017eujeta za razmi\u0161ljanje in komunikacijo.\",\"breadcrumb\":{\"@id\":\"https:\/\/lesonit.net\/sl\/group\/raziskovalno-sredisce-fantoni\/#breadcrumb\"},\"inLanguage\":\"sl\",\"potentialAction\":[{\"@type\":\"ReadAction\",\"target\":[\"https:\/\/lesonit.net\/sl\/group\/raziskovalno-sredisce-fantoni\/\"]}]},{\"@type\":\"BreadcrumbList\",\"@id\":\"https:\/\/lesonit.net\/sl\/group\/raziskovalno-sredisce-fantoni\/#breadcrumb\",\"itemListElement\":[{\"@type\":\"ListItem\",\"position\":1,\"name\":\"Home\",\"item\":\"https:\/\/lesonit.net\/?lang=sl\"},{\"@type\":\"ListItem\",\"position\":2,\"name\":\"Group\",\"item\":\"https:\/\/lesonit.net\/group\/?lang=sl\"},{\"@type\":\"ListItem\",\"position\":3,\"name\":\"Fantoni Research Centre\"}]},{\"@type\":\"WebSite\",\"@id\":\"https:\/\/lesonit.net\/#website\",\"url\":\"https:\/\/lesonit.net\/\",\"name\":\"Fantoni SPA\",\"description\":\"produzione di mobili per ufficio, pannelli truciolari e MDF\",\"publisher\":{\"@id\":\"https:\/\/lesonit.net\/#organization\"},\"potentialAction\":[{\"@type\":\"SearchAction\",\"target\":{\"@type\":\"EntryPoint\",\"urlTemplate\":\"https:\/\/lesonit.net\/?s={search_term_string}\"},\"query-input\":\"required name=search_term_string\"}],\"inLanguage\":\"sl\"},{\"@type\":\"Organization\",\"@id\":\"https:\/\/lesonit.net\/#organization\",\"name\":\"Fantoni SPA\",\"url\":\"https:\/\/lesonit.net\/\",\"logo\":{\"@type\":\"ImageObject\",\"inLanguage\":\"sl\",\"@id\":\"https:\/\/lesonit.net\/#\/schema\/logo\/image\/\",\"url\":\"http:\/\/lesonit.net\/app\/uploads\/2021\/02\/fantoni.png\",\"contentUrl\":\"http:\/\/lesonit.net\/app\/uploads\/2021\/02\/fantoni.png\",\"width\":512,\"height\":119,\"caption\":\"Fantoni SPA\"},\"image\":{\"@id\":\"https:\/\/lesonit.net\/#\/schema\/logo\/image\/\"},\"sameAs\":[\"https:\/\/facebook.com\/FantoniSPA\",\"https:\/\/www.instagram.com\/fantonigroup\/\",\"https:\/\/www.linkedin.com\/company\/fantoni-spa\",\"https:\/\/www.youtube.com\/user\/fantonigroup\/featured\"]}]}<\/script>\n<!-- \/ Yoast SEO plugin. -->","yoast_head_json":{"title":"Raziskovalno Sredisce Fantoni - Lesonit","description":"Raziskovalni center je simbol filozofije Fantoni, v kateri se industrija in kultura zdru\u017eujeta za razmi\u0161ljanje in komunikacijo.","robots":{"index":"index","follow":"follow","max-snippet":"max-snippet:-1","max-image-preview":"max-image-preview:large","max-video-preview":"max-video-preview:-1"},"canonical":"https:\/\/lesonit.net\/sl\/group\/raziskovalno-sredisce-fantoni\/","og_locale":"en_US","og_type":"article","og_title":"Raziskovalno Sredisce Fantoni - Lesonit","og_description":"Raziskovalni center je simbol filozofije Fantoni, v kateri se industrija in kultura zdru\u017eujeta za razmi\u0161ljanje in komunikacijo.","og_url":"https:\/\/lesonit.net\/sl\/group\/raziskovalno-sredisce-fantoni\/","og_site_name":"Lesonit","article_publisher":"https:\/\/facebook.com\/FantoniSPA","article_modified_time":"2025-02-18T10:14:26+00:00","twitter_card":"summary_large_image","schema":{"@context":"https:\/\/schema.org","@graph":[{"@type":"WebPage","@id":"https:\/\/lesonit.net\/sl\/group\/raziskovalno-sredisce-fantoni\/","url":"https:\/\/lesonit.net\/sl\/group\/raziskovalno-sredisce-fantoni\/","name":"Raziskovalno Sredisce Fantoni - Lesonit","isPartOf":{"@id":"https:\/\/lesonit.net\/#website"},"datePublished":"2021-01-20T07:54:15+00:00","dateModified":"2025-02-18T10:14:26+00:00","description":"Raziskovalni center je simbol filozofije Fantoni, v kateri se industrija in kultura zdru\u017eujeta za razmi\u0161ljanje in komunikacijo.","breadcrumb":{"@id":"https:\/\/lesonit.net\/sl\/group\/raziskovalno-sredisce-fantoni\/#breadcrumb"},"inLanguage":"sl","potentialAction":[{"@type":"ReadAction","target":["https:\/\/lesonit.net\/sl\/group\/raziskovalno-sredisce-fantoni\/"]}]},{"@type":"BreadcrumbList","@id":"https:\/\/lesonit.net\/sl\/group\/raziskovalno-sredisce-fantoni\/#breadcrumb","itemListElement":[{"@type":"ListItem","position":1,"name":"Home","item":"https:\/\/lesonit.net\/?lang=sl"},{"@type":"ListItem","position":2,"name":"Group","item":"https:\/\/lesonit.net\/group\/?lang=sl"},{"@type":"ListItem","position":3,"name":"Fantoni Research Centre"}]},{"@type":"WebSite","@id":"https:\/\/lesonit.net\/#website","url":"https:\/\/lesonit.net\/","name":"Fantoni SPA","description":"produzione di mobili per ufficio, pannelli truciolari e MDF","publisher":{"@id":"https:\/\/lesonit.net\/#organization"},"potentialAction":[{"@type":"SearchAction","target":{"@type":"EntryPoint","urlTemplate":"https:\/\/lesonit.net\/?s={search_term_string}"},"query-input":"required name=search_term_string"}],"inLanguage":"sl"},{"@type":"Organization","@id":"https:\/\/lesonit.net\/#organization","name":"Fantoni SPA","url":"https:\/\/lesonit.net\/","logo":{"@type":"ImageObject","inLanguage":"sl","@id":"https:\/\/lesonit.net\/#\/schema\/logo\/image\/","url":"http:\/\/lesonit.net\/app\/uploads\/2021\/02\/fantoni.png","contentUrl":"http:\/\/lesonit.net\/app\/uploads\/2021\/02\/fantoni.png","width":512,"height":119,"caption":"Fantoni SPA"},"image":{"@id":"https:\/\/lesonit.net\/#\/schema\/logo\/image\/"},"sameAs":["https:\/\/facebook.com\/FantoniSPA","https:\/\/www.instagram.com\/fantonigroup\/","https:\/\/www.linkedin.com\/company\/fantoni-spa","https:\/\/www.youtube.com\/user\/fantonigroup\/featured"]}]}},"_links":{"self":[{"href":"https:\/\/lesonit.net\/sl\/wp-json\/wp\/v2\/pages\/15174"}],"collection":[{"href":"https:\/\/lesonit.net\/sl\/wp-json\/wp\/v2\/pages"}],"about":[{"href":"https:\/\/lesonit.net\/sl\/wp-json\/wp\/v2\/types\/page"}],"author":[{"embeddable":true,"href":"https:\/\/lesonit.net\/sl\/wp-json\/wp\/v2\/users\/3"}],"replies":[{"embeddable":true,"href":"https:\/\/lesonit.net\/sl\/wp-json\/wp\/v2\/comments?post=15174"}],"version-history":[{"count":7,"href":"https:\/\/lesonit.net\/sl\/wp-json\/wp\/v2\/pages\/15174\/revisions"}],"predecessor-version":[{"id":16442,"href":"https:\/\/lesonit.net\/sl\/wp-json\/wp\/v2\/pages\/15174\/revisions\/16442"}],"up":[{"embeddable":true,"href":"https:\/\/lesonit.net\/sl\/wp-json\/wp\/v2\/pages\/15165"}],"wp:attachment":[{"href":"https:\/\/lesonit.net\/sl\/wp-json\/wp\/v2\/media?parent=15174"}],"curies":[{"name":"wp","href":"https:\/\/api.w.org\/{rel}","templated":true}]}}