{"id":15185,"date":"2021-02-08T08:57:53","date_gmt":"2021-02-08T08:57:53","guid":{"rendered":"http:\/\/www.staging.lesonit.net\/group\/quality-management\/"},"modified":"2026-03-02T07:54:01","modified_gmt":"2026-03-02T07:54:01","slug":"vodenje-kakovosti","status":"publish","type":"page","link":"https:\/\/lesonit.net\/sl\/group\/vodenje-kakovosti\/","title":{"rendered":"Quality Management"},"content":{"rendered":"<div id=\"block_7b38e7b8f6e8ef6409e51f592e530fac\" class=\"wp-block-hero alignfull relative overflow-hidden\">\n  <div class=\" min-h-top-screen bg-cover bg-center bg-no-repeat\"\n    style=\"background-image: url(https:\/\/lesonit.net\/app\/uploads\/2021\/02\/pioppi-fantoni-esterni-1.jpg\">\n          <div class=\"absolute inset-0 bg-gradient-to-br from-black to-transparent opacity-50\"><\/div>\n        <div class=\"wrapper text-white relative py-[15vh]\">\n      <h1 class=\"gsap-reveal text-4xl font-semibold uppercase leading-none sm:text-6xl lg:text-8xl\">\n        VODENJE KAKOVOSTI\n      <\/h1>\n          <\/div>\n      <\/div>\n  <\/div><!-- acf\/hero -->\n\n\n<div id=\"block_6ddc87ec37e5dcc82134a36abe748b93\"\n  class=\"wp-block-textstatic alignfull wrapper my-12 grid grid-cols-1 gap-8 lg:my-16 lg:grid-cols-3 lg:gap-16 xl:gap-24 2xl:gap-32\">\n  <div class=\"lg:col-span-1\">\n    <h2 class=\"text-3xl font-bold leading-none md:text-4xl lg:text-5xl\">Celovito zagotavljanje kakovosti \n      <\/h2>\n  <\/div>\n  <div class=\"lg:col-span-2\">\n    <div class=\"max-w-prose text-lg leading-snug lg:text-xl\">\n      <p>Lesonit ima vodilno vlogo v proizvodnji tankih MDF plo\u0161\u010d, ki ustrezajo najstro\u017ejim mednarodnim predpisom.<\/p>\n<p>Vse aktivnosti; od razvoja izdelka, proizvodnje ter do prodajnih in poprodajnih storitev se v celoti izvajajo skladno s celovitim sistemom vodenja kakovosti. Poleg tega pa so materiali in izdelki Lesonita preizku\u0161eni in certificirani glede na vse njihove funkcionalne lastnosti: odpornost na fizikalna in kemi\u010dna sredstva, trajnost, raven emisij v zrak ter varnost v skladu z najstro\u017ejimi mednarodnimi standardi.<\/p>\n<p>Preverjen sistem ravnanja z okoljem nam omogo\u010da nenehno spremljanje okoljske u\u010dinkovitosti in vpliva na\u0161e dejavnosti na okolje ter sistemati\u010dno iskanje izbolj\u0161av na dosleden, u\u010dinkovit in predvsem trajnosten na\u010din.<\/p>\n<p>&nbsp;<\/p>\n<p>&nbsp;<\/p>\n\n    <\/div>\n\n      <\/div>\n<\/div><!-- .acf\/textstatic -->\n\n\n<div id=\"block_345ca6663feea5dc311b82de41340e2a\" class=\"wp-block-download alignfull my-12 lg:my-16\">\n  \n  <div>\n          <\/div>\n<\/div><!-- acf\/download -->\n\n\n\n<p><\/p>\n","protected":false},"excerpt":{"rendered":"","protected":false},"author":3,"featured_media":0,"parent":15165,"menu_order":0,"comment_status":"closed","ping_status":"closed","template":"","meta":[],"acf":[],"yoast_head":"<!-- This site is optimized with the Yoast SEO plugin v21.5 - https:\/\/yoast.com\/wordpress\/plugins\/seo\/ -->\n<title>Vodenje Kakovosti - Lesonit<\/title>\n<meta name=\"description\" content=\"Vodenje kakovosti: Lesonit ima vodilno vlogo v proizvodnji tankih MDF plo\u0161\u010d, ki ustrezajo najstro\u017ejim mednarodnim predpisom.\" \/>\n<meta name=\"robots\" content=\"index, follow, max-snippet:-1, max-image-preview:large, max-video-preview:-1\" \/>\n<link rel=\"canonical\" href=\"https:\/\/lesonit.net\/sl\/group\/vodenje-kakovosti\/\" \/>\n<meta property=\"og:locale\" content=\"en_US\" \/>\n<meta property=\"og:type\" content=\"article\" \/>\n<meta property=\"og:title\" content=\"Vodenje Kakovosti - Lesonit\" \/>\n<meta property=\"og:description\" content=\"Vodenje kakovosti: Lesonit ima vodilno vlogo v proizvodnji tankih MDF plo\u0161\u010d, ki ustrezajo najstro\u017ejim mednarodnim predpisom.\" \/>\n<meta property=\"og:url\" content=\"https:\/\/lesonit.net\/sl\/group\/vodenje-kakovosti\/\" \/>\n<meta property=\"og:site_name\" content=\"Lesonit\" \/>\n<meta property=\"article:publisher\" content=\"https:\/\/facebook.com\/FantoniSPA\" \/>\n<meta property=\"article:modified_time\" content=\"2026-03-02T07:54:01+00:00\" \/>\n<meta name=\"twitter:card\" content=\"summary_large_image\" \/>\n<script type=\"application\/ld+json\" class=\"yoast-schema-graph\">{\"@context\":\"https:\/\/schema.org\",\"@graph\":[{\"@type\":\"WebPage\",\"@id\":\"https:\/\/lesonit.net\/sl\/group\/vodenje-kakovosti\/\",\"url\":\"https:\/\/lesonit.net\/sl\/group\/vodenje-kakovosti\/\",\"name\":\"Vodenje Kakovosti - Lesonit\",\"isPartOf\":{\"@id\":\"https:\/\/lesonit.net\/#website\"},\"datePublished\":\"2021-02-08T08:57:53+00:00\",\"dateModified\":\"2026-03-02T07:54:01+00:00\",\"description\":\"Vodenje kakovosti: Lesonit ima vodilno vlogo v proizvodnji tankih MDF plo\u0161\u010d, ki ustrezajo najstro\u017ejim mednarodnim predpisom.\",\"breadcrumb\":{\"@id\":\"https:\/\/lesonit.net\/sl\/group\/vodenje-kakovosti\/#breadcrumb\"},\"inLanguage\":\"sl\",\"potentialAction\":[{\"@type\":\"ReadAction\",\"target\":[\"https:\/\/lesonit.net\/sl\/group\/vodenje-kakovosti\/\"]}]},{\"@type\":\"BreadcrumbList\",\"@id\":\"https:\/\/lesonit.net\/sl\/group\/vodenje-kakovosti\/#breadcrumb\",\"itemListElement\":[{\"@type\":\"ListItem\",\"position\":1,\"name\":\"Home\",\"item\":\"https:\/\/lesonit.net\/?lang=sl\"},{\"@type\":\"ListItem\",\"position\":2,\"name\":\"Group\",\"item\":\"https:\/\/lesonit.net\/group\/?lang=sl\"},{\"@type\":\"ListItem\",\"position\":3,\"name\":\"Quality Management\"}]},{\"@type\":\"WebSite\",\"@id\":\"https:\/\/lesonit.net\/#website\",\"url\":\"https:\/\/lesonit.net\/\",\"name\":\"Fantoni SPA\",\"description\":\"produzione di mobili per ufficio, pannelli truciolari e MDF\",\"publisher\":{\"@id\":\"https:\/\/lesonit.net\/#organization\"},\"potentialAction\":[{\"@type\":\"SearchAction\",\"target\":{\"@type\":\"EntryPoint\",\"urlTemplate\":\"https:\/\/lesonit.net\/?s={search_term_string}\"},\"query-input\":\"required name=search_term_string\"}],\"inLanguage\":\"sl\"},{\"@type\":\"Organization\",\"@id\":\"https:\/\/lesonit.net\/#organization\",\"name\":\"Fantoni SPA\",\"url\":\"https:\/\/lesonit.net\/\",\"logo\":{\"@type\":\"ImageObject\",\"inLanguage\":\"sl\",\"@id\":\"https:\/\/lesonit.net\/#\/schema\/logo\/image\/\",\"url\":\"http:\/\/lesonit.net\/app\/uploads\/2021\/02\/fantoni.png\",\"contentUrl\":\"http:\/\/lesonit.net\/app\/uploads\/2021\/02\/fantoni.png\",\"width\":512,\"height\":119,\"caption\":\"Fantoni SPA\"},\"image\":{\"@id\":\"https:\/\/lesonit.net\/#\/schema\/logo\/image\/\"},\"sameAs\":[\"https:\/\/facebook.com\/FantoniSPA\",\"https:\/\/www.instagram.com\/fantonigroup\/\",\"https:\/\/www.linkedin.com\/company\/fantoni-spa\",\"https:\/\/www.youtube.com\/user\/fantonigroup\/featured\"]}]}<\/script>\n<!-- \/ Yoast SEO plugin. -->","yoast_head_json":{"title":"Vodenje Kakovosti - Lesonit","description":"Vodenje kakovosti: Lesonit ima vodilno vlogo v proizvodnji tankih MDF plo\u0161\u010d, ki ustrezajo najstro\u017ejim mednarodnim predpisom.","robots":{"index":"index","follow":"follow","max-snippet":"max-snippet:-1","max-image-preview":"max-image-preview:large","max-video-preview":"max-video-preview:-1"},"canonical":"https:\/\/lesonit.net\/sl\/group\/vodenje-kakovosti\/","og_locale":"en_US","og_type":"article","og_title":"Vodenje Kakovosti - Lesonit","og_description":"Vodenje kakovosti: Lesonit ima vodilno vlogo v proizvodnji tankih MDF plo\u0161\u010d, ki ustrezajo najstro\u017ejim mednarodnim predpisom.","og_url":"https:\/\/lesonit.net\/sl\/group\/vodenje-kakovosti\/","og_site_name":"Lesonit","article_publisher":"https:\/\/facebook.com\/FantoniSPA","article_modified_time":"2026-03-02T07:54:01+00:00","twitter_card":"summary_large_image","schema":{"@context":"https:\/\/schema.org","@graph":[{"@type":"WebPage","@id":"https:\/\/lesonit.net\/sl\/group\/vodenje-kakovosti\/","url":"https:\/\/lesonit.net\/sl\/group\/vodenje-kakovosti\/","name":"Vodenje Kakovosti - Lesonit","isPartOf":{"@id":"https:\/\/lesonit.net\/#website"},"datePublished":"2021-02-08T08:57:53+00:00","dateModified":"2026-03-02T07:54:01+00:00","description":"Vodenje kakovosti: Lesonit ima vodilno vlogo v proizvodnji tankih MDF plo\u0161\u010d, ki ustrezajo najstro\u017ejim mednarodnim predpisom.","breadcrumb":{"@id":"https:\/\/lesonit.net\/sl\/group\/vodenje-kakovosti\/#breadcrumb"},"inLanguage":"sl","potentialAction":[{"@type":"ReadAction","target":["https:\/\/lesonit.net\/sl\/group\/vodenje-kakovosti\/"]}]},{"@type":"BreadcrumbList","@id":"https:\/\/lesonit.net\/sl\/group\/vodenje-kakovosti\/#breadcrumb","itemListElement":[{"@type":"ListItem","position":1,"name":"Home","item":"https:\/\/lesonit.net\/?lang=sl"},{"@type":"ListItem","position":2,"name":"Group","item":"https:\/\/lesonit.net\/group\/?lang=sl"},{"@type":"ListItem","position":3,"name":"Quality Management"}]},{"@type":"WebSite","@id":"https:\/\/lesonit.net\/#website","url":"https:\/\/lesonit.net\/","name":"Fantoni SPA","description":"produzione di mobili per ufficio, pannelli truciolari e MDF","publisher":{"@id":"https:\/\/lesonit.net\/#organization"},"potentialAction":[{"@type":"SearchAction","target":{"@type":"EntryPoint","urlTemplate":"https:\/\/lesonit.net\/?s={search_term_string}"},"query-input":"required name=search_term_string"}],"inLanguage":"sl"},{"@type":"Organization","@id":"https:\/\/lesonit.net\/#organization","name":"Fantoni SPA","url":"https:\/\/lesonit.net\/","logo":{"@type":"ImageObject","inLanguage":"sl","@id":"https:\/\/lesonit.net\/#\/schema\/logo\/image\/","url":"http:\/\/lesonit.net\/app\/uploads\/2021\/02\/fantoni.png","contentUrl":"http:\/\/lesonit.net\/app\/uploads\/2021\/02\/fantoni.png","width":512,"height":119,"caption":"Fantoni SPA"},"image":{"@id":"https:\/\/lesonit.net\/#\/schema\/logo\/image\/"},"sameAs":["https:\/\/facebook.com\/FantoniSPA","https:\/\/www.instagram.com\/fantonigroup\/","https:\/\/www.linkedin.com\/company\/fantoni-spa","https:\/\/www.youtube.com\/user\/fantonigroup\/featured"]}]}},"_links":{"self":[{"href":"https:\/\/lesonit.net\/sl\/wp-json\/wp\/v2\/pages\/15185"}],"collection":[{"href":"https:\/\/lesonit.net\/sl\/wp-json\/wp\/v2\/pages"}],"about":[{"href":"https:\/\/lesonit.net\/sl\/wp-json\/wp\/v2\/types\/page"}],"author":[{"embeddable":true,"href":"https:\/\/lesonit.net\/sl\/wp-json\/wp\/v2\/users\/3"}],"replies":[{"embeddable":true,"href":"https:\/\/lesonit.net\/sl\/wp-json\/wp\/v2\/comments?post=15185"}],"version-history":[{"count":7,"href":"https:\/\/lesonit.net\/sl\/wp-json\/wp\/v2\/pages\/15185\/revisions"}],"predecessor-version":[{"id":16451,"href":"https:\/\/lesonit.net\/sl\/wp-json\/wp\/v2\/pages\/15185\/revisions\/16451"}],"up":[{"embeddable":true,"href":"https:\/\/lesonit.net\/sl\/wp-json\/wp\/v2\/pages\/15165"}],"wp:attachment":[{"href":"https:\/\/lesonit.net\/sl\/wp-json\/wp\/v2\/media?parent=15185"}],"curies":[{"name":"wp","href":"https:\/\/api.w.org\/{rel}","templated":true}]}}