{"id":15230,"date":"2021-01-20T07:53:31","date_gmt":"2021-01-20T07:53:31","guid":{"rendered":"http:\/\/www.staging.lesonit.net\/group\/quality-lab\/"},"modified":"2025-02-18T08:38:02","modified_gmt":"2025-02-18T08:38:02","slug":"laboratorij-kakovosti","status":"publish","type":"page","link":"https:\/\/lesonit.net\/sl\/group\/laboratorij-kakovosti\/","title":{"rendered":"Laboratorij Kakovosti"},"content":{"rendered":"<script type=\"text\/javascript\">jQuery(function() { _initLayerSlider( '#layerslider_21_1382xjoiby2qr', {createdWith: '6.11.2', sliderVersion: '7.9.5', type: 'fullwidth', pauseOnHover: 'enabled', skin: 'v6', sliderFadeInDuration: 350, navPrevNext: false, hoverPrevNext: false, navStartStop: false, navButtons: false, showCircleTimer: false, useSrcset: true, skinsPath: 'https:\/\/lesonit.net\/app\/plugins\/layerslider\/assets\/static\/layerslider\/skins\/', performanceMode: true}); });<\/script><div id=\"layerslider_21_1382xjoiby2qr\" class=\"ls-wp-container fitvidsignore\" style=\"width:1280px;height:720px;margin:0 auto;margin-bottom: 0px;\"><div class=\"ls-slide\" ><div style=\"top:50%;left:50%;background-size:inherit;background-position:inherit;width:1279px;height:719px;font-size:29px;\" class=\"ls-l ls-media-layer\" data-ls=\"autoplay:enabled;muted:enabled;loopmedia:enabled;backgroundvideo:true;parallax:true;parallaxlevel:10;position:relative;\"><video width=\"640\" height=\"360\" preload=\"metadata\" controls><source src=\"\/app\/uploads\/2021\/01\/Lab.mp4\" type=\"video\/mp4\" \/><\/video><\/div><p style=\"top:140px;left:191px;text-align:center;font-weight:600;background-size:inherit;background-position:inherit;font-size:111px;color:#ffffff;\" class=\"ls-l ls-text-layer\" data-ls=\"position:fixed;\">LABORATORIJ<br>KAKOVOSTI<\/p><\/div><\/div>\n\n<div id=\"block_ef3d2b3659a5dca91f430da29c94b1f1\" class=\"wp-block-textcenter py-16 lg:py-24\" style=\"background-color:#ffffff; color:#000000;\">\n  <div class=\"wrapper md:text-center\" style=\"--wrapper-width: 960px;\">\n          <h2 class=\"text-[2.5rem] font-bold leading-none md:text-5xl lg:text-6xl xl:text-7xl\">\n        Kakovost kot misija &#8211; od procesov do samega izdelka \n        <\/h2>\n          <\/div>\n<\/div><!-- acf\/textcenter -->\n\n\n<div id=\"block_2da2988259b42293e067716f04ddd853\" class=\"wp-block-gridtwo alignfull relative\" data-layout=\"4\">\n      <div class=\"relative min-h-[40vh] lg:min-h-screen\" style=\" color:#ffffff; \">\n      \n      <img decoding=\"async\" class=\"md:absolute md:inset-0 md:h-full md:w-full md:object-cover md:object-center\"\n        src=\"https:\/\/lesonit.net\/app\/uploads\/2021\/01\/fantoni-lab-000-1536x864.jpg\"\n        alt=\"\">\n      <div\n        class=\"justify-end  flex flex-col\">\n        <div class=\"wrapper relative pb-12 pt-5 md:py-12 lg:py-16\">\n          <div\n            class=\" flex flex-col items-start justify-start gap-10 text-black md:w-1\/2 md:text-inherit lg:gap-16\">\n                          <h2 class=\"text-3xl font-bold leading-none md:text-5xl lg:text-6xl xl:text-7xl\">\n                Laboratorij Kakovosti\n                <\/h2>\n                                      <div class=\"text-lg font-medium leading-snug md:text-xl\">\n                <strong><\/strong><br \/>\n                Skrb za dobrobit ljudi in okolja je temelj na\u0161ega nenehnega truda za doseganje kakovosti.  \r\n\r\nV delovnem okolju, opremljenem s sodobnimi tehnologijami in napravami, vsaki dve uri testiramo proizvedene plo\u0161\u010de. Na tak na\u010din preverjamo kakovost in upo\u0161tevanje vseh standardov, ki jih predvidevajo mednarodni certifikati. \r\n\r\n\r\n\n              <\/div>\n                                  <\/div>\n        <\/div>\n      <\/div>\n    <\/div>\n  <\/div><!-- acf\/gridtwo - layout 4 -->\n\n\n<div id=\"block_1e578a66892e9bdb92eda6a6ab504dce\" class=\"wp-block-gridtwo alignfull relative\" data-layout=\"2\">\n      <div class=\"flex flex-col lg:flex-row\" data-img-desktop=\"left\"\n      data-img-mobile=\"bottom\">\n      <div\n        class=\" lg:order-2 flex flex-col items-start justify-center lg:w-1\/2\"\n        style=\" color:#000;\">\n                    <div class=\"gsap-up wrapper py-16 lg:py-24 xl:py-32\" data-layout=\"2\">\n              <h2 class=\"text-3xl font-bold leading-none md:text-5xl lg:text-6xl xl:text-7xl\">\n                Certifikati  \n                <\/h2>\n                                  <div class=\"flex flex-col gap-2 pt-10 text-lg leading-snug md:text-xl\">\n                    <p class=\"text-lg font-semibold md:text-2xl\"><\/p>\n                    <p>Lesonit in podjetja v skupini Fantoni se pona\u0161ajo z najstro\u017ejimi certifikati, ki zajemajo tako procese kot izdelke &#8211; po\u017earna odpornost, kisline, obraba, vlaga, temperaturni \u0161ok, praske, preskusi na udarce, stabilnost, trajnost. <\/p>\n                  <\/div>\n                                            <\/div><!-- data-layout=\"2\" -->\n                <\/div>\n\n      <div\n        class=\" lg:order-1 lg:w-1\/2\">\n                  <div class=\" relative h-full\">\n                          \n              <img decoding=\"async\" class=\" h-full w-full object-center\"\n                src=\"https:\/\/lesonit.net\/app\/uploads\/2021\/01\/fantoni-lab-002.jpg\">\n                                  <\/div>\n              <\/div>\n    <\/div><!-- data-layout=\"1\/2\/3\" -->\n  <\/div><!-- acf\/gridtwo - layout 2 -->\n\n\n\n<p><\/p>\n","protected":false},"excerpt":{"rendered":"","protected":false},"author":3,"featured_media":0,"parent":15165,"menu_order":0,"comment_status":"closed","ping_status":"closed","template":"","meta":[],"acf":[],"yoast_head":"<!-- This site is optimized with the Yoast SEO plugin v21.5 - https:\/\/yoast.com\/wordpress\/plugins\/seo\/ -->\n<title>Laboratorij Kakovosti - Lesonit<\/title>\n<meta name=\"description\" content=\"Lesonit Quality Lab: kakovost kot poslanstvo, od procesov do izdelkov v prostoru, opremljenem s sofisticiranimi tehnologijami in stroji.\" \/>\n<meta name=\"robots\" content=\"index, follow, max-snippet:-1, max-image-preview:large, max-video-preview:-1\" \/>\n<link rel=\"canonical\" href=\"https:\/\/lesonit.net\/sl\/group\/laboratorij-kakovosti\/\" \/>\n<meta property=\"og:locale\" content=\"en_US\" \/>\n<meta property=\"og:type\" content=\"article\" \/>\n<meta property=\"og:title\" content=\"Laboratorij Kakovosti - Lesonit\" \/>\n<meta property=\"og:description\" content=\"Lesonit Quality Lab: kakovost kot poslanstvo, od procesov do izdelkov v prostoru, opremljenem s sofisticiranimi tehnologijami in stroji.\" \/>\n<meta property=\"og:url\" content=\"https:\/\/lesonit.net\/sl\/group\/laboratorij-kakovosti\/\" \/>\n<meta property=\"og:site_name\" content=\"Lesonit\" \/>\n<meta property=\"article:publisher\" content=\"https:\/\/facebook.com\/FantoniSPA\" \/>\n<meta property=\"article:modified_time\" content=\"2025-02-18T08:38:02+00:00\" \/>\n<meta name=\"twitter:card\" content=\"summary_large_image\" \/>\n<script type=\"application\/ld+json\" class=\"yoast-schema-graph\">{\"@context\":\"https:\/\/schema.org\",\"@graph\":[{\"@type\":\"WebPage\",\"@id\":\"https:\/\/lesonit.net\/sl\/group\/laboratorij-kakovosti\/\",\"url\":\"https:\/\/lesonit.net\/sl\/group\/laboratorij-kakovosti\/\",\"name\":\"Laboratorij Kakovosti - Lesonit\",\"isPartOf\":{\"@id\":\"https:\/\/lesonit.net\/#website\"},\"datePublished\":\"2021-01-20T07:53:31+00:00\",\"dateModified\":\"2025-02-18T08:38:02+00:00\",\"description\":\"Lesonit Quality Lab: kakovost kot poslanstvo, od procesov do izdelkov v prostoru, opremljenem s sofisticiranimi tehnologijami in stroji.\",\"breadcrumb\":{\"@id\":\"https:\/\/lesonit.net\/sl\/group\/laboratorij-kakovosti\/#breadcrumb\"},\"inLanguage\":\"sl\",\"potentialAction\":[{\"@type\":\"ReadAction\",\"target\":[\"https:\/\/lesonit.net\/sl\/group\/laboratorij-kakovosti\/\"]}]},{\"@type\":\"BreadcrumbList\",\"@id\":\"https:\/\/lesonit.net\/sl\/group\/laboratorij-kakovosti\/#breadcrumb\",\"itemListElement\":[{\"@type\":\"ListItem\",\"position\":1,\"name\":\"Home\",\"item\":\"https:\/\/lesonit.net\/?lang=sl\"},{\"@type\":\"ListItem\",\"position\":2,\"name\":\"Group\",\"item\":\"https:\/\/lesonit.net\/group\/?lang=sl\"},{\"@type\":\"ListItem\",\"position\":3,\"name\":\"Laboratorij Kakovosti\"}]},{\"@type\":\"WebSite\",\"@id\":\"https:\/\/lesonit.net\/#website\",\"url\":\"https:\/\/lesonit.net\/\",\"name\":\"Fantoni SPA\",\"description\":\"produzione di mobili per ufficio, pannelli truciolari e MDF\",\"publisher\":{\"@id\":\"https:\/\/lesonit.net\/#organization\"},\"potentialAction\":[{\"@type\":\"SearchAction\",\"target\":{\"@type\":\"EntryPoint\",\"urlTemplate\":\"https:\/\/lesonit.net\/?s={search_term_string}\"},\"query-input\":\"required name=search_term_string\"}],\"inLanguage\":\"sl\"},{\"@type\":\"Organization\",\"@id\":\"https:\/\/lesonit.net\/#organization\",\"name\":\"Fantoni SPA\",\"url\":\"https:\/\/lesonit.net\/\",\"logo\":{\"@type\":\"ImageObject\",\"inLanguage\":\"sl\",\"@id\":\"https:\/\/lesonit.net\/#\/schema\/logo\/image\/\",\"url\":\"http:\/\/lesonit.net\/app\/uploads\/2021\/02\/fantoni.png\",\"contentUrl\":\"http:\/\/lesonit.net\/app\/uploads\/2021\/02\/fantoni.png\",\"width\":512,\"height\":119,\"caption\":\"Fantoni SPA\"},\"image\":{\"@id\":\"https:\/\/lesonit.net\/#\/schema\/logo\/image\/\"},\"sameAs\":[\"https:\/\/facebook.com\/FantoniSPA\",\"https:\/\/www.instagram.com\/fantonigroup\/\",\"https:\/\/www.linkedin.com\/company\/fantoni-spa\",\"https:\/\/www.youtube.com\/user\/fantonigroup\/featured\"]}]}<\/script>\n<!-- \/ Yoast SEO plugin. -->","yoast_head_json":{"title":"Laboratorij Kakovosti - Lesonit","description":"Lesonit Quality Lab: kakovost kot poslanstvo, od procesov do izdelkov v prostoru, opremljenem s sofisticiranimi tehnologijami in stroji.","robots":{"index":"index","follow":"follow","max-snippet":"max-snippet:-1","max-image-preview":"max-image-preview:large","max-video-preview":"max-video-preview:-1"},"canonical":"https:\/\/lesonit.net\/sl\/group\/laboratorij-kakovosti\/","og_locale":"en_US","og_type":"article","og_title":"Laboratorij Kakovosti - Lesonit","og_description":"Lesonit Quality Lab: kakovost kot poslanstvo, od procesov do izdelkov v prostoru, opremljenem s sofisticiranimi tehnologijami in stroji.","og_url":"https:\/\/lesonit.net\/sl\/group\/laboratorij-kakovosti\/","og_site_name":"Lesonit","article_publisher":"https:\/\/facebook.com\/FantoniSPA","article_modified_time":"2025-02-18T08:38:02+00:00","twitter_card":"summary_large_image","schema":{"@context":"https:\/\/schema.org","@graph":[{"@type":"WebPage","@id":"https:\/\/lesonit.net\/sl\/group\/laboratorij-kakovosti\/","url":"https:\/\/lesonit.net\/sl\/group\/laboratorij-kakovosti\/","name":"Laboratorij Kakovosti - Lesonit","isPartOf":{"@id":"https:\/\/lesonit.net\/#website"},"datePublished":"2021-01-20T07:53:31+00:00","dateModified":"2025-02-18T08:38:02+00:00","description":"Lesonit Quality Lab: kakovost kot poslanstvo, od procesov do izdelkov v prostoru, opremljenem s sofisticiranimi tehnologijami in stroji.","breadcrumb":{"@id":"https:\/\/lesonit.net\/sl\/group\/laboratorij-kakovosti\/#breadcrumb"},"inLanguage":"sl","potentialAction":[{"@type":"ReadAction","target":["https:\/\/lesonit.net\/sl\/group\/laboratorij-kakovosti\/"]}]},{"@type":"BreadcrumbList","@id":"https:\/\/lesonit.net\/sl\/group\/laboratorij-kakovosti\/#breadcrumb","itemListElement":[{"@type":"ListItem","position":1,"name":"Home","item":"https:\/\/lesonit.net\/?lang=sl"},{"@type":"ListItem","position":2,"name":"Group","item":"https:\/\/lesonit.net\/group\/?lang=sl"},{"@type":"ListItem","position":3,"name":"Laboratorij Kakovosti"}]},{"@type":"WebSite","@id":"https:\/\/lesonit.net\/#website","url":"https:\/\/lesonit.net\/","name":"Fantoni SPA","description":"produzione di mobili per ufficio, pannelli truciolari e MDF","publisher":{"@id":"https:\/\/lesonit.net\/#organization"},"potentialAction":[{"@type":"SearchAction","target":{"@type":"EntryPoint","urlTemplate":"https:\/\/lesonit.net\/?s={search_term_string}"},"query-input":"required name=search_term_string"}],"inLanguage":"sl"},{"@type":"Organization","@id":"https:\/\/lesonit.net\/#organization","name":"Fantoni SPA","url":"https:\/\/lesonit.net\/","logo":{"@type":"ImageObject","inLanguage":"sl","@id":"https:\/\/lesonit.net\/#\/schema\/logo\/image\/","url":"http:\/\/lesonit.net\/app\/uploads\/2021\/02\/fantoni.png","contentUrl":"http:\/\/lesonit.net\/app\/uploads\/2021\/02\/fantoni.png","width":512,"height":119,"caption":"Fantoni SPA"},"image":{"@id":"https:\/\/lesonit.net\/#\/schema\/logo\/image\/"},"sameAs":["https:\/\/facebook.com\/FantoniSPA","https:\/\/www.instagram.com\/fantonigroup\/","https:\/\/www.linkedin.com\/company\/fantoni-spa","https:\/\/www.youtube.com\/user\/fantonigroup\/featured"]}]}},"_links":{"self":[{"href":"https:\/\/lesonit.net\/sl\/wp-json\/wp\/v2\/pages\/15230"}],"collection":[{"href":"https:\/\/lesonit.net\/sl\/wp-json\/wp\/v2\/pages"}],"about":[{"href":"https:\/\/lesonit.net\/sl\/wp-json\/wp\/v2\/types\/page"}],"author":[{"embeddable":true,"href":"https:\/\/lesonit.net\/sl\/wp-json\/wp\/v2\/users\/3"}],"replies":[{"embeddable":true,"href":"https:\/\/lesonit.net\/sl\/wp-json\/wp\/v2\/comments?post=15230"}],"version-history":[{"count":14,"href":"https:\/\/lesonit.net\/sl\/wp-json\/wp\/v2\/pages\/15230\/revisions"}],"predecessor-version":[{"id":16439,"href":"https:\/\/lesonit.net\/sl\/wp-json\/wp\/v2\/pages\/15230\/revisions\/16439"}],"up":[{"embeddable":true,"href":"https:\/\/lesonit.net\/sl\/wp-json\/wp\/v2\/pages\/15165"}],"wp:attachment":[{"href":"https:\/\/lesonit.net\/sl\/wp-json\/wp\/v2\/media?parent=15230"}],"curies":[{"name":"wp","href":"https:\/\/api.w.org\/{rel}","templated":true}]}}