{"id":15236,"date":"2020-08-05T10:00:59","date_gmt":"2020-08-05T10:00:59","guid":{"rendered":"http:\/\/www.staging.lesonit.net\/home\/"},"modified":"2024-06-18T10:26:32","modified_gmt":"2024-06-18T10:26:32","slug":"home-lesonit","status":"publish","type":"page","link":"https:\/\/lesonit.net\/sl\/","title":{"rendered":"Home"},"content":{"rendered":"<div id=\"block_f05027e20b6d0afbdc05d55f73abd00d\" class=\"wp-block-hero relative overflow-hidden\">\n  <div class=\" min-h-top-screen bg-cover bg-center bg-no-repeat\"\n    style=\"background-image: url(https:\/\/lesonit.net\/app\/uploads\/2024\/06\/Slika2.jpg\">\n          <div class=\"absolute inset-0 bg-gradient-to-br from-black to-transparent opacity-50\"><\/div>\n        <div class=\"wrapper text-white relative py-[15vh]\">\n      <h1 class=\"gsap-reveal text-4xl font-semibold uppercase leading-none sm:text-6xl lg:text-8xl\">\n        \n      <\/h1>\n          <\/div>\n      <\/div>\n  <\/div><!-- acf\/hero -->\n\n\n<div id=\"block_47d41440e674f6c3fadbfa216b8e4942\" class=\"wp-block-textcenter py-16 lg:py-24\" style=\"background-color:#ffffff; color:#000000;\">\n  <div class=\"wrapper md:text-center\" style=\"--wrapper-width: 960px;\">\n          <h2 class=\"text-[2.5rem] font-bold leading-none md:text-5xl lg:text-6xl xl:text-7xl\">\n        Dru\u017eba Lesonit: inovacije z uporabo tehnologije\n        <\/h2>\n              <div class=\"pt-10 text-xl leading-snug\">Lesonit je vodilno podjetje v proizvodnji tankih MDF-plo\u0161\u010d s sede\u017eem v Sloveniji, ki pomembno prispeva k obogatitvi industrijske in tehnolo\u0161ke kulture skupine Fantoni, kateri pripada. <\/div>\n      <\/div>\n<\/div><!-- acf\/textcenter -->\n\n\n<div id=\"block_8ebaed6273c2db9f51155b327a7cc5ba\" class=\"wp-block-gridtwo alignfull relative\" data-layout=\"2\">\n      <div class=\"flex flex-col lg:flex-row\" data-img-desktop=\"right\"\n      data-img-mobile=\"bottom\">\n      <div\n        class=\" lg:order-1 flex flex-col items-start justify-center lg:w-1\/2\"\n        style=\"background-color:#e8e8e8; color:#0a0a0a;\">\n                    <div class=\"gsap-up wrapper py-16 lg:py-24 xl:py-32\" data-layout=\"2\">\n              <h2 class=\"text-3xl font-bold leading-none md:text-5xl lg:text-6xl xl:text-7xl\">\n                Trajnostna prenova\n                <\/h2>\n                                  <div class=\"flex flex-col gap-2 pt-10 text-lg leading-snug md:text-xl\">\n                    <p class=\"text-lg font-semibold md:text-2xl\"><\/p>\n                    <p>Dru\u017eba Lesonit iz Ilirske Bistrice trenutno izvaja modernizacijo. Projekt posodobitve in raz\u0161iritve zajema  linijo proizvodnje plo\u0161\u010d,  linijo za oplemenitenje, raz\u0161iritve hal,  ureditev zunanjih skladi\u0161\u010d in prostorov za vzdr\u017eevanje opreme.\r\n Glavni cilj modernizacije je slediti inovacijam in biti v koraku s tehnologijo ter se uspe\u0161no spopasti s prihodnjimi izzivi Industrije 4.0, kjer u\u010dinkovitost in trajnost igrata klju\u010dno vlogo.    \r\nPrenova bo obsegala tudi arhitekturne re\u0161itve, ki bodo namensko preoblikovale industrijske objekte, da bodo skladni  s sosednjimi objekti.  \r\n<\/p>\n                  <\/div>\n                                            <\/div><!-- data-layout=\"2\" -->\n                <\/div>\n\n      <div\n        class=\" lg:order-2 lg:w-1\/2\">\n                  <div class=\" relative h-full\">\n                          <img decoding=\"async\" class=\" h-full w-full object-center\"\n                src=\"https:\/\/lesonit.net\/app\/uploads\/2022\/09\/19_3_0710_1-1024x576.jpg\"\n                alt=\"\">\n                                  <\/div>\n              <\/div>\n    <\/div><!-- data-layout=\"1\/2\/3\" -->\n  <\/div><!-- acf\/gridtwo - layout 2 -->\n\n\n<div id=\"block_0f5c5dcedaafa6cccf825eceb388a3f7\" class=\"wp-block-gridtwo relative\" data-layout=\"2\">\n      <div class=\"flex flex-col lg:flex-row\" data-img-desktop=\"left\"\n      data-img-mobile=\"bottom\">\n      <div\n        class=\" lg:order-2 flex flex-col items-start justify-center lg:w-1\/2\"\n        style=\"background-color:#e8e8e8; color:#000;\">\n                    <div class=\"gsap-up wrapper py-16 lg:py-24 xl:py-32\" data-layout=\"2\">\n              <h2 class=\"text-3xl font-bold leading-none md:text-5xl lg:text-6xl xl:text-7xl\">\n                Arhitekturna povezanost \n                <\/h2>\n                                  <div class=\"flex flex-col gap-2 pt-10 text-lg leading-snug md:text-xl\">\n                    <p class=\"text-lg font-semibold md:text-2xl\"><\/p>\n                    <p>Za prenovo in izvedbo obrata je izbran arhitekt  Piero Valle, sin arhitekta Gina Valleja, ki je zasnoval arhitekturni vidik Fantonijevega industrijskega kompleksa v Osoppu.  Enako estetsko ravnovesje  si  \u017eeli Piero Valle poustvariti tudi v podjetju Lesonit.    <\/p>\n                  <\/div>\n                                            <\/div><!-- data-layout=\"2\" -->\n                <\/div>\n\n      <div\n        class=\" lg:order-1 lg:w-1\/2\">\n                  <div class=\" relative h-full\">\n                          <img decoding=\"async\" class=\" h-full w-full object-center\"\n                src=\"https:\/\/lesonit.net\/app\/uploads\/2024\/06\/29_10700-1024x576.jpg\"\n                alt=\"\">\n                                  <\/div>\n              <\/div>\n    <\/div><!-- data-layout=\"1\/2\/3\" -->\n  <\/div><!-- acf\/gridtwo - layout 2 -->\n\n\n<div id=\"block_17b60a5b6b297935d423e355699e785a\" class=\"wp-block-threecolvar alignfull wrapper my-12 lg:my-16\">\n        <div class=\"grid grid-cols-1 gap-8 lg:grid-cols-3 xl:gap-10\">\n              <article class=\"flex flex-col\">\n                      <img decoding=\"async\" class=\"aspect-square h-auto w-full object-cover object-center sm:aspect-video lg:aspect-square\"\n              src=\"https:\/\/lesonit.net\/app\/uploads\/2022\/04\/LESONITS-768x770.jpg\" alt=\"\"\n              style=\"background-color: ;\">\n                    <h3 class=\"mt-4 text-3xl font-semibold leading-tight lg:text-4xl\">Zgodovinska povezanost <\/h3>\n                                <div class=\"mt-4 text-xl leading-tight\">Zgodovina Lesonita sega v leto 1938 in je posejana z ne\u0161teto spremembami, ki so vplivale, da se je podjetje razvilo in napredovalo do dana\u0161njega stanja.<\/div>\n                                <a href=\"https:\/\/lesonit.net\/group\/lesonit\/?lang=sl\" title=\"Preberi ve\u010d\" target=\"_self\" class=\"mt-2 inline-block no-underline hover:underline\">\n  <span class=\"mr-2 text-xl font-bold\">Preberi ve\u010d<\/span><svg class=\"inline w-5 h-5 relative top-[-2px]\" width=\"24\" height=\"24\" viewBox=\"0 0 24 24\" fill=\"none\" xmlns=\"http:\/\/www.w3.org\/2000\/svg\">\n<path d=\"M13.5 4.5L21 12M21 12L13.5 19.5M21 12H3\" stroke=\"currentcolor\" stroke-width=\"1.5\" stroke-linecap=\"square\"\/>\n<\/svg>\n<\/a>\n                  <\/article>\n              <article class=\"flex flex-col\">\n                      <img decoding=\"async\" class=\"aspect-square h-auto w-full object-cover object-center sm:aspect-video lg:aspect-square\"\n              src=\"https:\/\/lesonit.net\/app\/uploads\/2022\/09\/06_0700-e1715265617660-768x544.jpg\" alt=\"\"\n              style=\"background-color: ;\">\n                    <h3 class=\"mt-4 text-3xl font-semibold leading-tight lg:text-4xl\">Trajnostni pristop k izbolj\u0161avam <\/h3>\n                                <div class=\"mt-4 text-xl leading-tight\">Lesonit kot del skupine Fantoni deli enako zavezanost k trajnosti in si prizadeva za opustitev tradicionalnega  gospodarskega modela.  Na kak\u0161en na\u010din?<\/div>\n                                <a href=\"https:\/\/lesonit.net\/group\/circular-economy\/?lang=sl\" title=\"Preberi ve\u010d \" target=\"_self\" class=\"mt-2 inline-block no-underline hover:underline\">\n  <span class=\"mr-2 text-xl font-bold\">Preberi ve\u010d <\/span><svg class=\"inline w-5 h-5 relative top-[-2px]\" width=\"24\" height=\"24\" viewBox=\"0 0 24 24\" fill=\"none\" xmlns=\"http:\/\/www.w3.org\/2000\/svg\">\n<path d=\"M13.5 4.5L21 12M21 12L13.5 19.5M21 12H3\" stroke=\"currentcolor\" stroke-width=\"1.5\" stroke-linecap=\"square\"\/>\n<\/svg>\n<\/a>\n                  <\/article>\n              <article class=\"flex flex-col\">\n                      <img decoding=\"async\" class=\"aspect-square h-auto w-full object-cover object-center sm:aspect-video lg:aspect-square\"\n              src=\"https:\/\/lesonit.net\/app\/uploads\/2024\/05\/fantoni-pannello-mdf-sottile-001-300x169-1.jpg\" alt=\"\"\n              style=\"background-color: ;\">\n                    <h3 class=\"mt-4 text-3xl font-semibold leading-tight lg:text-4xl\">Celoten izbor tankih plo\u0161\u010d<\/h3>\n                                <div class=\"mt-4 text-xl leading-tight\">Lesonit sledi Fantonijevim na\u010delom vertikalne integracije in je vodilni proizvajalec tankih plo\u0161\u010d razli\u010dnih debelin za vse namene. <\/div>\n                                <a href=\"https:\/\/lesonit.net\/panels\/mdf-hdf-tanke-plosce-lesonit\/?lang=sl\" title=\"Oglej si izdelke\" target=\"_self\" class=\"mt-2 inline-block no-underline hover:underline\">\n  <span class=\"mr-2 text-xl font-bold\">Oglej si izdelke<\/span><svg class=\"inline w-5 h-5 relative top-[-2px]\" width=\"24\" height=\"24\" viewBox=\"0 0 24 24\" fill=\"none\" xmlns=\"http:\/\/www.w3.org\/2000\/svg\">\n<path d=\"M13.5 4.5L21 12M21 12L13.5 19.5M21 12H3\" stroke=\"currentcolor\" stroke-width=\"1.5\" stroke-linecap=\"square\"\/>\n<\/svg>\n<\/a>\n                  <\/article>\n          <\/div>\n  <\/div><!-- acf\/threecolvar -->\n\n\n\n<p><\/p>\n","protected":false},"excerpt":{"rendered":"","protected":false},"author":2,"featured_media":0,"parent":0,"menu_order":0,"comment_status":"closed","ping_status":"closed","template":"","meta":[],"acf":[],"yoast_head":"<!-- This site is optimized with the Yoast SEO plugin v21.5 - https:\/\/yoast.com\/wordpress\/plugins\/seo\/ -->\n<title>Home - Lesonit<\/title>\n<meta name=\"description\" content=\"Inovacije z uporabo tehnologije: Lesonit je vodilni proizvajalec tankih MDF plo\u0161\u010d, ima sede\u017e v Sloveniji in je del skupine Fantoni.\" \/>\n<meta name=\"robots\" content=\"index, follow, max-snippet:-1, max-image-preview:large, max-video-preview:-1\" \/>\n<link rel=\"canonical\" href=\"https:\/\/lesonit.net\/?lang=sl\" \/>\n<meta property=\"og:locale\" content=\"en_US\" \/>\n<meta property=\"og:type\" content=\"article\" \/>\n<meta property=\"og:title\" content=\"Home - Lesonit\" \/>\n<meta property=\"og:description\" content=\"Inovacije z uporabo tehnologije: Lesonit je vodilni proizvajalec tankih MDF plo\u0161\u010d, ima sede\u017e v Sloveniji in je del skupine Fantoni.\" \/>\n<meta property=\"og:url\" content=\"https:\/\/lesonit.net\/?lang=sl\" \/>\n<meta property=\"og:site_name\" content=\"Lesonit\" \/>\n<meta property=\"article:publisher\" content=\"https:\/\/facebook.com\/FantoniSPA\" \/>\n<meta property=\"article:modified_time\" content=\"2024-06-18T10:26:32+00:00\" \/>\n<meta name=\"twitter:card\" content=\"summary_large_image\" \/>\n<script type=\"application\/ld+json\" class=\"yoast-schema-graph\">{\"@context\":\"https:\/\/schema.org\",\"@graph\":[{\"@type\":\"WebPage\",\"@id\":\"https:\/\/lesonit.net\/?lang=sl\",\"url\":\"https:\/\/lesonit.net\/?lang=sl\",\"name\":\"Home - Lesonit\",\"isPartOf\":{\"@id\":\"https:\/\/lesonit.net\/#website\"},\"datePublished\":\"2020-08-05T10:00:59+00:00\",\"dateModified\":\"2024-06-18T10:26:32+00:00\",\"description\":\"Inovacije z uporabo tehnologije: Lesonit je vodilni proizvajalec tankih MDF plo\u0161\u010d, ima sede\u017e v Sloveniji in je del skupine Fantoni.\",\"breadcrumb\":{\"@id\":\"https:\/\/lesonit.net\/?lang=sl#breadcrumb\"},\"inLanguage\":\"sl\",\"potentialAction\":[{\"@type\":\"ReadAction\",\"target\":[\"https:\/\/lesonit.net\/?lang=sl\"]}]},{\"@type\":\"BreadcrumbList\",\"@id\":\"https:\/\/lesonit.net\/?lang=sl#breadcrumb\",\"itemListElement\":[{\"@type\":\"ListItem\",\"position\":1,\"name\":\"Home\",\"item\":\"https:\/\/lesonit.net\/?lang=sl\"},{\"@type\":\"ListItem\",\"position\":2,\"name\":\"Home\"}]},{\"@type\":\"WebSite\",\"@id\":\"https:\/\/lesonit.net\/#website\",\"url\":\"https:\/\/lesonit.net\/\",\"name\":\"Fantoni SPA\",\"description\":\"produzione di mobili per ufficio, pannelli truciolari e MDF\",\"publisher\":{\"@id\":\"https:\/\/lesonit.net\/#organization\"},\"potentialAction\":[{\"@type\":\"SearchAction\",\"target\":{\"@type\":\"EntryPoint\",\"urlTemplate\":\"https:\/\/lesonit.net\/?s={search_term_string}\"},\"query-input\":\"required name=search_term_string\"}],\"inLanguage\":\"sl\"},{\"@type\":\"Organization\",\"@id\":\"https:\/\/lesonit.net\/#organization\",\"name\":\"Fantoni SPA\",\"url\":\"https:\/\/lesonit.net\/\",\"logo\":{\"@type\":\"ImageObject\",\"inLanguage\":\"sl\",\"@id\":\"https:\/\/lesonit.net\/#\/schema\/logo\/image\/\",\"url\":\"http:\/\/lesonit.net\/app\/uploads\/2021\/02\/fantoni.png\",\"contentUrl\":\"http:\/\/lesonit.net\/app\/uploads\/2021\/02\/fantoni.png\",\"width\":512,\"height\":119,\"caption\":\"Fantoni SPA\"},\"image\":{\"@id\":\"https:\/\/lesonit.net\/#\/schema\/logo\/image\/\"},\"sameAs\":[\"https:\/\/facebook.com\/FantoniSPA\",\"https:\/\/www.instagram.com\/fantonigroup\/\",\"https:\/\/www.linkedin.com\/company\/fantoni-spa\",\"https:\/\/www.youtube.com\/user\/fantonigroup\/featured\"]}]}<\/script>\n<!-- \/ Yoast SEO plugin. -->","yoast_head_json":{"title":"Home - Lesonit","description":"Inovacije z uporabo tehnologije: Lesonit je vodilni proizvajalec tankih MDF plo\u0161\u010d, ima sede\u017e v Sloveniji in je del skupine Fantoni.","robots":{"index":"index","follow":"follow","max-snippet":"max-snippet:-1","max-image-preview":"max-image-preview:large","max-video-preview":"max-video-preview:-1"},"canonical":"https:\/\/lesonit.net\/?lang=sl","og_locale":"en_US","og_type":"article","og_title":"Home - Lesonit","og_description":"Inovacije z uporabo tehnologije: Lesonit je vodilni proizvajalec tankih MDF plo\u0161\u010d, ima sede\u017e v Sloveniji in je del skupine Fantoni.","og_url":"https:\/\/lesonit.net\/?lang=sl","og_site_name":"Lesonit","article_publisher":"https:\/\/facebook.com\/FantoniSPA","article_modified_time":"2024-06-18T10:26:32+00:00","twitter_card":"summary_large_image","schema":{"@context":"https:\/\/schema.org","@graph":[{"@type":"WebPage","@id":"https:\/\/lesonit.net\/?lang=sl","url":"https:\/\/lesonit.net\/?lang=sl","name":"Home - Lesonit","isPartOf":{"@id":"https:\/\/lesonit.net\/#website"},"datePublished":"2020-08-05T10:00:59+00:00","dateModified":"2024-06-18T10:26:32+00:00","description":"Inovacije z uporabo tehnologije: Lesonit je vodilni proizvajalec tankih MDF plo\u0161\u010d, ima sede\u017e v Sloveniji in je del skupine Fantoni.","breadcrumb":{"@id":"https:\/\/lesonit.net\/?lang=sl#breadcrumb"},"inLanguage":"sl","potentialAction":[{"@type":"ReadAction","target":["https:\/\/lesonit.net\/?lang=sl"]}]},{"@type":"BreadcrumbList","@id":"https:\/\/lesonit.net\/?lang=sl#breadcrumb","itemListElement":[{"@type":"ListItem","position":1,"name":"Home","item":"https:\/\/lesonit.net\/?lang=sl"},{"@type":"ListItem","position":2,"name":"Home"}]},{"@type":"WebSite","@id":"https:\/\/lesonit.net\/#website","url":"https:\/\/lesonit.net\/","name":"Fantoni SPA","description":"produzione di mobili per ufficio, pannelli truciolari e MDF","publisher":{"@id":"https:\/\/lesonit.net\/#organization"},"potentialAction":[{"@type":"SearchAction","target":{"@type":"EntryPoint","urlTemplate":"https:\/\/lesonit.net\/?s={search_term_string}"},"query-input":"required name=search_term_string"}],"inLanguage":"sl"},{"@type":"Organization","@id":"https:\/\/lesonit.net\/#organization","name":"Fantoni SPA","url":"https:\/\/lesonit.net\/","logo":{"@type":"ImageObject","inLanguage":"sl","@id":"https:\/\/lesonit.net\/#\/schema\/logo\/image\/","url":"http:\/\/lesonit.net\/app\/uploads\/2021\/02\/fantoni.png","contentUrl":"http:\/\/lesonit.net\/app\/uploads\/2021\/02\/fantoni.png","width":512,"height":119,"caption":"Fantoni SPA"},"image":{"@id":"https:\/\/lesonit.net\/#\/schema\/logo\/image\/"},"sameAs":["https:\/\/facebook.com\/FantoniSPA","https:\/\/www.instagram.com\/fantonigroup\/","https:\/\/www.linkedin.com\/company\/fantoni-spa","https:\/\/www.youtube.com\/user\/fantonigroup\/featured"]}]}},"_links":{"self":[{"href":"https:\/\/lesonit.net\/sl\/wp-json\/wp\/v2\/pages\/15236"}],"collection":[{"href":"https:\/\/lesonit.net\/sl\/wp-json\/wp\/v2\/pages"}],"about":[{"href":"https:\/\/lesonit.net\/sl\/wp-json\/wp\/v2\/types\/page"}],"author":[{"embeddable":true,"href":"https:\/\/lesonit.net\/sl\/wp-json\/wp\/v2\/users\/2"}],"replies":[{"embeddable":true,"href":"https:\/\/lesonit.net\/sl\/wp-json\/wp\/v2\/comments?post=15236"}],"version-history":[{"count":29,"href":"https:\/\/lesonit.net\/sl\/wp-json\/wp\/v2\/pages\/15236\/revisions"}],"predecessor-version":[{"id":16139,"href":"https:\/\/lesonit.net\/sl\/wp-json\/wp\/v2\/pages\/15236\/revisions\/16139"}],"wp:attachment":[{"href":"https:\/\/lesonit.net\/sl\/wp-json\/wp\/v2\/media?parent=15236"}],"curies":[{"name":"wp","href":"https:\/\/api.w.org\/{rel}","templated":true}]}}