{"id":15290,"date":"2020-12-07T14:07:01","date_gmt":"2020-12-07T14:07:01","guid":{"rendered":"http:\/\/www.staging.lesonit.net\/pannelli\/melamine-faced-panels\/"},"modified":"2025-02-18T08:50:02","modified_gmt":"2025-02-18T08:50:02","slug":"prevlecene-z-melaminskim-papirjem-plosce","status":"publish","type":"page","link":"https:\/\/lesonit.net\/sl\/panels\/prevlecene-z-melaminskim-papirjem-plosce\/","title":{"rendered":"Prevle\u010dene z melaminskim papirjem Plo\u0161\u010de"},"content":{"rendered":"<script type=\"text\/javascript\">jQuery(function() { _initLayerSlider( '#layerslider_29_65gx1rieg2iz', {createdWith: '6.11.2', sliderVersion: '7.9.5', type: 'fullwidth', pauseOnHover: 'enabled', skin: 'v6', sliderFadeInDuration: 350, navPrevNext: false, hoverPrevNext: false, navStartStop: false, navButtons: false, showCircleTimer: false, useSrcset: true, skinsPath: 'https:\/\/lesonit.net\/app\/plugins\/layerslider\/assets\/static\/layerslider\/skins\/', performanceMode: true}); });<\/script><div id=\"layerslider_29_65gx1rieg2iz\" class=\"ls-wp-container fitvidsignore\" style=\"width:1280px;height:1000px;margin:0 auto;margin-bottom: 0px;\"><div class=\"ls-slide\" ><div style=\"top:50%;left:50%;background-size:inherit;background-position:inherit;width:1279px;height:719px;font-size:29px;\" class=\"ls-l ls-media-layer\" data-ls=\"autoplay:enabled;muted:enabled;loopmedia:enabled;backgroundvideo:true;parallax:true;parallaxlevel:10;position:relative;\"><video width=\"640\" height=\"360\" preload=\"metadata\" controls><source src=\"\/app\/uploads\/2021\/02\/LoopNobilitati.mp4\" type=\"video\/mp4\" \/><\/video><\/div><\/div><\/div>\n\n<div id=\"block_8b330dd4e3a959c9c07bf14d753d3cc8\" class=\"wp-block-panel alignfull\">\n      <div style=\"background-color: #ffffff;\">\n      <div class=\"wrapper grid grid-cols-1 lg:grid-cols-2 lg:items-center\">\n        <div class=\"flex h-full flex-col items-start justify-center bg-cover bg-center bg-no-repeat\"\n          style=\"\">\n          <div class=\"wrapper py-12 lg:py-16\">\n                          <h2 class=\"text-3xl font-bold uppercase md:text-5xl xl:text-7xl\"\n                style=\"color:#000000;\">\n                OPLEMENITENE POVR\u0160INE\n                <\/h2>\n                                  <\/div>\n        <\/div>\n\n        <div class=\"wrapper py-12 lg:py-16\">\n          <p class=\"text-lg leading-snug md:text-xl\">Lesonitove oplemenitene MDF plo\u0161\u010de so lesene plo\u0161\u010de, prevle\u010dene z dekorativnim papirjem, ki je impregniran z melaminsko smolo. Motivi na papirju zajemajo od enobarvnih do lesenih in drugih vzorcev, ustvarjenih za pohi\u0161tveno industrijo. Povr\u0161ino plo\u0161\u010de se \u0161e dodatno poudari z razli\u010dnimi povr\u0161inskimi efekti, ki omogo\u010dajo razli\u010dne tipne ob\u010dutke.\r\n<\/p>\n                      <p class=\"mt-5 text-2xl font-bold leading-tight\">Prenesi<\/p>\n            <ul>\n                              <li>\n                  <a href=\"https:\/\/www.dropbox.com\/s\/6t6jc4847w0y8ss\/Nobilitato.pdf?dl=1\" title=\"Tehni\u010dni list\" target=\"_self\" class=\"inline-block no-underline hover:underline\">\n  <span class=\"mr-2 text-xl font-bold\">Tehni\u010dni list<\/span><svg class=\"inline w-5 h-5 relative top-[-2px]\" width=\"24\" height=\"24\" viewBox=\"0 0 24 24\" fill=\"none\" xmlns=\"http:\/\/www.w3.org\/2000\/svg\">\n<path d=\"M13.5 4.5L21 12M21 12L13.5 19.5M21 12H3\" stroke=\"currentcolor\" stroke-width=\"1.5\" stroke-linecap=\"square\"\/>\n<\/svg>\n<\/a>\n                <\/li>\n                          <\/ul>\n          \n                  <\/div>\n      <\/div>\n    <\/div>\n  <\/div><!-- acf\/panel -->\n\n\n<script type=\"text\/javascript\">jQuery(function() { _initLayerSlider( '#layerslider_45_1w7o9yabg1474', {createdWith: '6.11.2', sliderVersion: '7.9.5', type: 'fullwidth', pauseOnHover: 'enabled', skin: 'v6', sliderFadeInDuration: 350, navPrevNext: false, hoverPrevNext: false, navStartStop: false, navButtons: false, showCircleTimer: false, useSrcset: true, skinsPath: 'https:\/\/lesonit.net\/app\/plugins\/layerslider\/assets\/static\/layerslider\/skins\/', performanceMode: true}); });<\/script><div id=\"layerslider_45_1w7o9yabg1474\" class=\"ls-wp-container fitvidsignore\" style=\"width:1280px;height:1000px;margin:0 auto;margin-bottom: 0px;\"><div class=\"ls-slide\" ><p style=\"top:0px;left:0px;text-align:center;font-weight:600;background-size:inherit;background-position:inherit;font-size:107px;color:#ffffff;width:1174px;height:1002px;box-shadow:0px 0px 0px 0px;\" class=\"ls-l ls-media-layer\" data-ls=\"backgroundvideo:true;position:fixed;pinned:true;\"><video width=\"640\" height=\"360\" preload=\"metadata\" controls><source src=\"https:\/\/lesonit.net\/app\/uploads\/2024\/06\/Impregnazione.mp4\" type=\"video\/mp4\" \/><\/video><\/p><\/div><\/div>\n\n<div id=\"block_690445c98844c6dc5d7003f1d0e1168e\" class=\"wp-block-panel alignfull\">\n      <div style=\"background-color: #ffffff;\">\n      <div class=\"wrapper grid grid-cols-1 lg:grid-cols-2 lg:items-center\">\n        <div class=\"flex h-full flex-col items-start justify-center bg-cover bg-center bg-no-repeat\"\n          style=\"\">\n          <div class=\"wrapper py-12 lg:py-16\">\n                          <h2 class=\"text-3xl font-bold uppercase md:text-5xl xl:text-7xl\"\n                style=\"color:#000000;\">\n                ESTETSKO DO\u017dIVETJE \n                <\/h2>\n                                  <\/div>\n        <\/div>\n\n        <div class=\"wrapper py-12 lg:py-16\">\n          <p class=\"text-lg leading-snug md:text-xl\">Barve in teksture Lesonitovih plo\u0161\u010d, prevle\u010denih z melaminskim papirjem, izhajajo iz izrazne mo\u010di skrbno izbranih materialov ter natan\u010dnih raziskav tekstur in odtenkov. To vizualno in otipno do\u017eivetje, navdihnjeno z naravo in modo, oblikuje privla\u010dne, tople in personalizirane prostore.\r\n<\/p>\n          \n                  <\/div>\n      <\/div>\n    <\/div>\n  <\/div><!-- acf\/panel -->\n\n\n\n<p><\/p>\n\n\n<div id=\"block_021405979a6ed6c5725a38bf4a5e3b17\" class=\"wp-block-gridtwo relative\" data-layout=\"2\">\n      <div class=\"flex flex-col lg:flex-row\" data-img-desktop=\"left\"\n      data-img-mobile=\"bottom\">\n      <div\n        class=\" lg:order-2 flex flex-col items-start justify-center lg:w-1\/2\"\n        style=\"background-color:#000000; color:#ffffff;\">\n                    <div class=\"gsap-up wrapper py-16 lg:py-24 xl:py-32\" data-layout=\"2\">\n              <h2 class=\"text-3xl font-bold leading-none md:text-5xl lg:text-6xl xl:text-7xl\">\n                Usmerjenost k strankam \n                <\/h2>\n                                  <div class=\"flex flex-col gap-2 pt-10 text-lg leading-snug md:text-xl\">\n                    <p class=\"text-lg font-semibold md:text-2xl\"><\/p>\n                    <p>Kamen in marmor, beton in kovine, les v vseh oblikah: povr\u0161ina dobi svojo obliko skozi nenehno iskanje visoke kakovosti in vrhunskih lastnosti.<\/p>\n                  <\/div>\n                                            <\/div><!-- data-layout=\"2\" -->\n                <\/div>\n\n      <div\n        class=\" lg:order-1 lg:w-1\/2\">\n                  <div class=\" relative h-full\">\n                          <img decoding=\"async\" class=\" h-full w-full object-center\"\n                src=\"https:\/\/lesonit.net\/app\/uploads\/2024\/06\/Century02-e1736328990335-1024x681.png\"\n                alt=\"\">\n                                  <\/div>\n              <\/div>\n    <\/div><!-- data-layout=\"1\/2\/3\" -->\n  <\/div><!-- acf\/gridtwo - layout 2 -->\n\n\n<div id=\"block_bd5b255ede94b8ae88c53ca48c37e346\" class=\"wp-block-gridtwo relative\" data-layout=\"2\">\n      <div class=\"flex flex-col lg:flex-row\" data-img-desktop=\"right\"\n      data-img-mobile=\"bottom\">\n      <div\n        class=\" lg:order-1 flex flex-col items-start justify-center lg:w-1\/2\"\n        style=\"background-color:#000000; color:#ffffff;\">\n                    <div class=\"gsap-up wrapper py-16 lg:py-24 xl:py-32\" data-layout=\"2\">\n              <h2 class=\"text-3xl font-bold leading-none md:text-5xl lg:text-6xl xl:text-7xl\">\n                Raziskave in razvoj na podro\u010dju materialov\n                <\/h2>\n                                  <div class=\"flex flex-col gap-2 pt-10 text-lg leading-snug md:text-xl\">\n                    <p class=\"text-lg font-semibold md:text-2xl\"><\/p>\n                    <p>Podjetje ponuja \u0161irok spekter dekorativnih papirjev, ki se uporabljajo v \u0161tevilnih oblikovalskih in industrijskih kontekstih, kar odpira veliko mo\u017enosti na podro\u010dju oblikovanja. Hkrati nenehno spremlja nastajajo\u010de trende in ustvarja inovativne stile in izdelke. <\/p>\n                  <\/div>\n                                                  <a href=\"https:\/\/www.fantoni.it\/decorativi-2022-2\/?lang=en\" title=\"Izvedi ve\u010d\" target=\"_self\" class=\"mt-4 inline-block no-underline hover:underline\" style=\"color: #e57534;\">\n  <span class=\"mr-2 text-xl font-bold\">Izvedi ve\u010d<\/span><svg class=\"inline relative top-[-2px] w-5 h-5\" width=\"24\" height=\"24\" viewBox=\"0 0 24 24\" fill=\"none\" xmlns=\"http:\/\/www.w3.org\/2000\/svg\">\n<path d=\"M13.5 4.5L21 12M21 12L13.5 19.5M21 12H3\" stroke=\"currentcolor\" stroke-width=\"1.5\" stroke-linecap=\"square\"\/>\n<\/svg>\n<\/a>\n                            <\/div><!-- data-layout=\"2\" -->\n                <\/div>\n\n      <div\n        class=\" lg:order-2 lg:w-1\/2\">\n                  <div class=\" relative h-full\">\n                          <img decoding=\"async\" class=\" h-full w-full object-center\"\n                src=\"https:\/\/lesonit.net\/app\/uploads\/2025\/01\/FT2401002-canapa-e1736335602655-1024x776.jpg\"\n                alt=\"\">\n                                  <\/div>\n              <\/div>\n    <\/div><!-- data-layout=\"1\/2\/3\" -->\n  <\/div><!-- acf\/gridtwo - layout 2 -->\n\n\n\n<p><\/p>\n\n\n<div id=\"block_258bc4c6c5d5d32c9da08df9db5cd09c\" class=\"wp-block-panel\">\n  <\/div><!-- acf\/panel -->\n","protected":false},"excerpt":{"rendered":"","protected":false},"author":3,"featured_media":0,"parent":15194,"menu_order":0,"comment_status":"closed","ping_status":"closed","template":"","meta":[],"acf":[],"yoast_head":"<!-- This site is optimized with the Yoast SEO plugin v21.5 - https:\/\/yoast.com\/wordpress\/plugins\/seo\/ -->\n<title>Prevle\u010dene z melaminskim papirjem Plo\u0161\u010de - Lesonit<\/title>\n<meta name=\"description\" content=\"esonitove oplemenitene MDF plo\u0161\u010de so lesene plo\u0161\u010de, prevle\u010dene z dekorativnim papirjem, ki je impregniran z melaminsko smolo.\" \/>\n<meta name=\"robots\" content=\"index, follow, max-snippet:-1, max-image-preview:large, max-video-preview:-1\" \/>\n<link rel=\"canonical\" href=\"https:\/\/lesonit.net\/sl\/panels\/prevlecene-z-melaminskim-papirjem-plosce\/\" \/>\n<meta property=\"og:locale\" content=\"en_US\" \/>\n<meta property=\"og:type\" content=\"article\" \/>\n<meta property=\"og:title\" content=\"Prevle\u010dene z melaminskim papirjem Plo\u0161\u010de - Lesonit\" \/>\n<meta property=\"og:description\" content=\"esonitove oplemenitene MDF plo\u0161\u010de so lesene plo\u0161\u010de, prevle\u010dene z dekorativnim papirjem, ki je impregniran z melaminsko smolo.\" \/>\n<meta property=\"og:url\" content=\"https:\/\/lesonit.net\/sl\/panels\/prevlecene-z-melaminskim-papirjem-plosce\/\" \/>\n<meta property=\"og:site_name\" content=\"Lesonit\" \/>\n<meta property=\"article:publisher\" content=\"https:\/\/facebook.com\/FantoniSPA\" \/>\n<meta property=\"article:modified_time\" content=\"2025-02-18T08:50:02+00:00\" \/>\n<meta name=\"twitter:card\" content=\"summary_large_image\" \/>\n<script type=\"application\/ld+json\" class=\"yoast-schema-graph\">{\"@context\":\"https:\/\/schema.org\",\"@graph\":[{\"@type\":\"WebPage\",\"@id\":\"https:\/\/lesonit.net\/sl\/panels\/prevlecene-z-melaminskim-papirjem-plosce\/\",\"url\":\"https:\/\/lesonit.net\/sl\/panels\/prevlecene-z-melaminskim-papirjem-plosce\/\",\"name\":\"Prevle\u010dene z melaminskim papirjem Plo\u0161\u010de - Lesonit\",\"isPartOf\":{\"@id\":\"https:\/\/lesonit.net\/#website\"},\"datePublished\":\"2020-12-07T14:07:01+00:00\",\"dateModified\":\"2025-02-18T08:50:02+00:00\",\"description\":\"esonitove oplemenitene MDF plo\u0161\u010de so lesene plo\u0161\u010de, prevle\u010dene z dekorativnim papirjem, ki je impregniran z melaminsko smolo.\",\"breadcrumb\":{\"@id\":\"https:\/\/lesonit.net\/sl\/panels\/prevlecene-z-melaminskim-papirjem-plosce\/#breadcrumb\"},\"inLanguage\":\"sl\",\"potentialAction\":[{\"@type\":\"ReadAction\",\"target\":[\"https:\/\/lesonit.net\/sl\/panels\/prevlecene-z-melaminskim-papirjem-plosce\/\"]}]},{\"@type\":\"BreadcrumbList\",\"@id\":\"https:\/\/lesonit.net\/sl\/panels\/prevlecene-z-melaminskim-papirjem-plosce\/#breadcrumb\",\"itemListElement\":[{\"@type\":\"ListItem\",\"position\":1,\"name\":\"Home\",\"item\":\"https:\/\/lesonit.net\/?lang=sl\"},{\"@type\":\"ListItem\",\"position\":2,\"name\":\"panels\",\"item\":\"https:\/\/lesonit.net\/panels\/?lang=sl\"},{\"@type\":\"ListItem\",\"position\":3,\"name\":\"Prevle\u010dene z melaminskim papirjem Plo\u0161\u010de\"}]},{\"@type\":\"WebSite\",\"@id\":\"https:\/\/lesonit.net\/#website\",\"url\":\"https:\/\/lesonit.net\/\",\"name\":\"Fantoni SPA\",\"description\":\"produzione di mobili per ufficio, pannelli truciolari e MDF\",\"publisher\":{\"@id\":\"https:\/\/lesonit.net\/#organization\"},\"potentialAction\":[{\"@type\":\"SearchAction\",\"target\":{\"@type\":\"EntryPoint\",\"urlTemplate\":\"https:\/\/lesonit.net\/?s={search_term_string}\"},\"query-input\":\"required name=search_term_string\"}],\"inLanguage\":\"sl\"},{\"@type\":\"Organization\",\"@id\":\"https:\/\/lesonit.net\/#organization\",\"name\":\"Fantoni SPA\",\"url\":\"https:\/\/lesonit.net\/\",\"logo\":{\"@type\":\"ImageObject\",\"inLanguage\":\"sl\",\"@id\":\"https:\/\/lesonit.net\/#\/schema\/logo\/image\/\",\"url\":\"http:\/\/lesonit.net\/app\/uploads\/2021\/02\/fantoni.png\",\"contentUrl\":\"http:\/\/lesonit.net\/app\/uploads\/2021\/02\/fantoni.png\",\"width\":512,\"height\":119,\"caption\":\"Fantoni SPA\"},\"image\":{\"@id\":\"https:\/\/lesonit.net\/#\/schema\/logo\/image\/\"},\"sameAs\":[\"https:\/\/facebook.com\/FantoniSPA\",\"https:\/\/www.instagram.com\/fantonigroup\/\",\"https:\/\/www.linkedin.com\/company\/fantoni-spa\",\"https:\/\/www.youtube.com\/user\/fantonigroup\/featured\"]}]}<\/script>\n<!-- \/ Yoast SEO plugin. -->","yoast_head_json":{"title":"Prevle\u010dene z melaminskim papirjem Plo\u0161\u010de - Lesonit","description":"esonitove oplemenitene MDF plo\u0161\u010de so lesene plo\u0161\u010de, prevle\u010dene z dekorativnim papirjem, ki je impregniran z melaminsko smolo.","robots":{"index":"index","follow":"follow","max-snippet":"max-snippet:-1","max-image-preview":"max-image-preview:large","max-video-preview":"max-video-preview:-1"},"canonical":"https:\/\/lesonit.net\/sl\/panels\/prevlecene-z-melaminskim-papirjem-plosce\/","og_locale":"en_US","og_type":"article","og_title":"Prevle\u010dene z melaminskim papirjem Plo\u0161\u010de - Lesonit","og_description":"esonitove oplemenitene MDF plo\u0161\u010de so lesene plo\u0161\u010de, prevle\u010dene z dekorativnim papirjem, ki je impregniran z melaminsko smolo.","og_url":"https:\/\/lesonit.net\/sl\/panels\/prevlecene-z-melaminskim-papirjem-plosce\/","og_site_name":"Lesonit","article_publisher":"https:\/\/facebook.com\/FantoniSPA","article_modified_time":"2025-02-18T08:50:02+00:00","twitter_card":"summary_large_image","schema":{"@context":"https:\/\/schema.org","@graph":[{"@type":"WebPage","@id":"https:\/\/lesonit.net\/sl\/panels\/prevlecene-z-melaminskim-papirjem-plosce\/","url":"https:\/\/lesonit.net\/sl\/panels\/prevlecene-z-melaminskim-papirjem-plosce\/","name":"Prevle\u010dene z melaminskim papirjem Plo\u0161\u010de - Lesonit","isPartOf":{"@id":"https:\/\/lesonit.net\/#website"},"datePublished":"2020-12-07T14:07:01+00:00","dateModified":"2025-02-18T08:50:02+00:00","description":"esonitove oplemenitene MDF plo\u0161\u010de so lesene plo\u0161\u010de, prevle\u010dene z dekorativnim papirjem, ki je impregniran z melaminsko smolo.","breadcrumb":{"@id":"https:\/\/lesonit.net\/sl\/panels\/prevlecene-z-melaminskim-papirjem-plosce\/#breadcrumb"},"inLanguage":"sl","potentialAction":[{"@type":"ReadAction","target":["https:\/\/lesonit.net\/sl\/panels\/prevlecene-z-melaminskim-papirjem-plosce\/"]}]},{"@type":"BreadcrumbList","@id":"https:\/\/lesonit.net\/sl\/panels\/prevlecene-z-melaminskim-papirjem-plosce\/#breadcrumb","itemListElement":[{"@type":"ListItem","position":1,"name":"Home","item":"https:\/\/lesonit.net\/?lang=sl"},{"@type":"ListItem","position":2,"name":"panels","item":"https:\/\/lesonit.net\/panels\/?lang=sl"},{"@type":"ListItem","position":3,"name":"Prevle\u010dene z melaminskim papirjem Plo\u0161\u010de"}]},{"@type":"WebSite","@id":"https:\/\/lesonit.net\/#website","url":"https:\/\/lesonit.net\/","name":"Fantoni SPA","description":"produzione di mobili per ufficio, pannelli truciolari e MDF","publisher":{"@id":"https:\/\/lesonit.net\/#organization"},"potentialAction":[{"@type":"SearchAction","target":{"@type":"EntryPoint","urlTemplate":"https:\/\/lesonit.net\/?s={search_term_string}"},"query-input":"required name=search_term_string"}],"inLanguage":"sl"},{"@type":"Organization","@id":"https:\/\/lesonit.net\/#organization","name":"Fantoni SPA","url":"https:\/\/lesonit.net\/","logo":{"@type":"ImageObject","inLanguage":"sl","@id":"https:\/\/lesonit.net\/#\/schema\/logo\/image\/","url":"http:\/\/lesonit.net\/app\/uploads\/2021\/02\/fantoni.png","contentUrl":"http:\/\/lesonit.net\/app\/uploads\/2021\/02\/fantoni.png","width":512,"height":119,"caption":"Fantoni SPA"},"image":{"@id":"https:\/\/lesonit.net\/#\/schema\/logo\/image\/"},"sameAs":["https:\/\/facebook.com\/FantoniSPA","https:\/\/www.instagram.com\/fantonigroup\/","https:\/\/www.linkedin.com\/company\/fantoni-spa","https:\/\/www.youtube.com\/user\/fantonigroup\/featured"]}]}},"_links":{"self":[{"href":"https:\/\/lesonit.net\/sl\/wp-json\/wp\/v2\/pages\/15290"}],"collection":[{"href":"https:\/\/lesonit.net\/sl\/wp-json\/wp\/v2\/pages"}],"about":[{"href":"https:\/\/lesonit.net\/sl\/wp-json\/wp\/v2\/types\/page"}],"author":[{"embeddable":true,"href":"https:\/\/lesonit.net\/sl\/wp-json\/wp\/v2\/users\/3"}],"replies":[{"embeddable":true,"href":"https:\/\/lesonit.net\/sl\/wp-json\/wp\/v2\/comments?post=15290"}],"version-history":[{"count":22,"href":"https:\/\/lesonit.net\/sl\/wp-json\/wp\/v2\/pages\/15290\/revisions"}],"predecessor-version":[{"id":16441,"href":"https:\/\/lesonit.net\/sl\/wp-json\/wp\/v2\/pages\/15290\/revisions\/16441"}],"up":[{"embeddable":true,"href":"https:\/\/lesonit.net\/sl\/wp-json\/wp\/v2\/pages\/15194"}],"wp:attachment":[{"href":"https:\/\/lesonit.net\/sl\/wp-json\/wp\/v2\/media?parent=15290"}],"curies":[{"name":"wp","href":"https:\/\/api.w.org\/{rel}","templated":true}]}}