{"id":15752,"date":"2024-05-10T07:37:51","date_gmt":"2024-05-10T07:37:51","guid":{"rendered":"https:\/\/www.staging.lesonit.net\/?page_id=15752"},"modified":"2025-02-18T09:07:43","modified_gmt":"2025-02-18T09:07:43","slug":"okolje","status":"publish","type":"page","link":"https:\/\/lesonit.net\/sl\/group\/okolje\/","title":{"rendered":"Environment"},"content":{"rendered":"\n<p><\/p>\n\n\n<div id=\"block_c577621749f44335981a5bf3d8249f25\" class=\"wp-block-hero alignfull relative overflow-hidden\">\n  <div class=\" min-h-top-screen bg-cover bg-center bg-no-repeat\"\n    style=\"background-image: url(https:\/\/lesonit.net\/app\/uploads\/2022\/09\/21_3_1900.jpg\">\n          <div class=\"absolute inset-0 bg-gradient-to-br from-black to-transparent opacity-50\"><\/div>\n        <div class=\"wrapper text-white relative py-[15vh]\">\n      <h1 class=\"gsap-reveal text-4xl font-semibold uppercase leading-none sm:text-6xl lg:text-8xl\">\n        OKOLJE\n      <\/h1>\n          <\/div>\n      <\/div>\n  <\/div><!-- acf\/hero -->\n\n\n<div id=\"block_2953a1a22ed8be43ff5dd1d961e16c0f\" class=\"wp-block-textcenter py-16 lg:py-24\" style=\"background-color:#ddeaaf; color:#000000;\">\n  <div class=\"wrapper md:text-center\" style=\"--wrapper-width: 960px;\">\n          <h2 class=\"text-[2.5rem] font-bold leading-none md:text-5xl lg:text-6xl xl:text-7xl\">\n        Zaveza za trajnostnost\n        <\/h2>\n              <div class=\"pt-10 text-xl leading-snug\">Ljudje se zavedamo, da je prekomerno onesna\u017eenje \u0161kodljivo za  okolje in zdravje.  Industrijsko onesna\u017eevanje,  ki je bilo v preteklosti, se je danes zmanj\u0161alo. Industrija se prilagaja novim okoljskim standardom. \r\n\r\nLesonit si prizadeva, da bi negativne vplive na okolje \u010dim bolj zmanj\u0161ali, \u0161e posebej zaradi bli\u017eine prebivali\u0161\u010d.  Lahko smo ponosni, da smo v preteklih dvajsetih letih na tem podro\u010dju precej naredili.\r\n<\/div>\n      <\/div>\n<\/div><!-- acf\/textcenter -->\n\n\n<div id=\"block_00d24ed11ecd404c643644589a93e7bd\" class=\"wp-block-panel alignfull\">\n      <div style=\"background-color: ;\">\n      <div class=\"wrapper grid grid-cols-1 lg:grid-cols-2 lg:items-center\">\n        <div class=\"flex h-full flex-col items-start justify-center bg-cover bg-center bg-no-repeat\"\n          style=\"\">\n          <div class=\"wrapper py-12 lg:py-16\">\n                          <h2 class=\"text-3xl font-bold uppercase md:text-5xl xl:text-7xl\"\n                style=\"color:#000000;\">\n                2001\n                <\/h2>\n                                  <\/div>\n        <\/div>\n\n        <div class=\"wrapper py-12 lg:py-16\">\n          <p class=\"text-lg leading-snug md:text-xl\"><b>Izgradnja kurilne naprave na lesno biomaso 47 MW. <\/b> Leta 2001 je v Lesonitu za\u010dela obratovati  nova  kurilna naprava, ki  je kurilno olje nadomestila z lesno biomaso. Poleg ekonomskih u\u010dinkov so se zmanj\u0161ale tudi emisije v zrak.\r\nPred izgradnjo kurilne naprave  je Lesonit vse lesne ostanke  iz proizvodnje odlagal na tovarni\u0161ko deponijo ob reki Reki. Za proizvodnjo toplotne energije je uporabljal kurilno olje (poraba 7.000 t\/leto) in  lesni prah od bru\u0161enja in razreza. Toplotno energijo je pridobival na treh kotlih in dveh gorilcih. Skupna in\u0161talirana mo\u010d je bila 37 MW. <\/p>\n          \n                  <\/div>\n      <\/div>\n    <\/div>\n      <div style=\"background-color: #edebe6;\">\n      <div class=\"wrapper grid grid-cols-1 lg:grid-cols-2 lg:items-center\">\n        <div class=\"flex h-full flex-col items-start justify-center bg-cover bg-center bg-no-repeat\"\n          style=\"\">\n          <div class=\"wrapper py-12 lg:py-16\">\n                          <h2 class=\"text-3xl font-bold uppercase md:text-5xl xl:text-7xl\"\n                style=\"color:#000000;\">\n                2002\n                <\/h2>\n                                  <\/div>\n        <\/div>\n\n        <div class=\"wrapper py-12 lg:py-16\">\n          <p class=\"text-lg leading-snug md:text-xl\"><b> Ukinitev iztoka tehnolo\u0161kih voda v Reko. <\/b> Leta 2002 je Lesonit prenehal izpu\u0161\u010dati  industrijske odpadne vode v reko Reko. To je dosegel s kro\u017eenjem  tehnolo\u0161kih vod  in izlo\u010danjem sedimentov iz krogotoka.\r\nIndustrijske odpadne vode od pranja sekancev so se do leta 2002 iztekale v reko Reko. V letu 1999 je bilo industrijskih  odpadnih vod 40.000 m3 oziroma 110 m3\/dan. <\/p>\n          \n                  <\/div>\n      <\/div>\n    <\/div>\n      <div style=\"background-color: ;\">\n      <div class=\"wrapper grid grid-cols-1 lg:grid-cols-2 lg:items-center\">\n        <div class=\"flex h-full flex-col items-start justify-center bg-cover bg-center bg-no-repeat\"\n          style=\"\">\n          <div class=\"wrapper py-12 lg:py-16\">\n                          <h2 class=\"text-3xl font-bold uppercase md:text-5xl xl:text-7xl\"\n                style=\"color:#000000;\">\n                2002-2011\n                <\/h2>\n                                  <\/div>\n        <\/div>\n\n        <div class=\"wrapper py-12 lg:py-16\">\n          <p class=\"text-lg leading-snug md:text-xl\"><b>Sanacija odlagali\u0161\u010da industrijskih odpadkov. <\/b> Med sanacijo se je odpadke  najprej sortiralo, lesne ostanke pa uporabilo v novi kurilni napravi kot gorivo. Lesne ostanke spodnjih plasti se je pustilo, da so se s\u010dasoma  pretvorili v humus. Ostale odpadke se je predalo poobla\u0161\u010denim zbiralcem. \r\nV sklopu tovarni\u0161kega kompleksa se je v za\u010detku 80-ih let za\u010delo formirati nelegalno odlagali\u0161\u010de odpadkov iz proizvodnje, ki se je raztezalo na povr\u0161ini ca. 30.000 m2. Na odlagali\u0161\u010du je bilo odlo\u017eenih ca. 48.000 m3 vla\u017enih oz. 12.000 t suhih odpadkov. Med odlo\u017eenimi odpadki je bilo najve\u010d lesnih ostankov (vla\u017eno drobje, \u017eagovina, kosovni odpadki), odpadni kosi vlaknenih in melaminskih plo\u0161\u010d, plasti\u010dni sodi, posode, vre\u010de, trakovi, polomljene palete, usedline se\u010dninskih, melaminskih in fenolnih smol iz usedalnikov, pepel. V letu 2011 je bila deponija dokon\u010dno sanirana.<\/p>\n          \n                  <\/div>\n      <\/div>\n    <\/div>\n      <div style=\"background-color: #edebe6;\">\n      <div class=\"wrapper grid grid-cols-1 lg:grid-cols-2 lg:items-center\">\n        <div class=\"flex h-full flex-col items-start justify-center bg-cover bg-center bg-no-repeat\"\n          style=\"\">\n          <div class=\"wrapper py-12 lg:py-16\">\n                          <h2 class=\"text-3xl font-bold uppercase md:text-5xl xl:text-7xl\"\n                style=\"color:#000000;\">\n                2003\n                <\/h2>\n                                  <\/div>\n        <\/div>\n\n        <div class=\"wrapper py-12 lg:py-16\">\n          <p class=\"text-lg leading-snug md:text-xl\"><b>Uporaba smole z manj\u0161o vsebnostjo prostega formaldehida. <\/b> Leta 2003 je Lesonit  ukinil lastno proizvodnjo smole. Od tedaj  uporablja  smolo, ki se proizvaja v mati\u010dnem podjetju Fantoni. \r\nSmola iz mati\u010dne tovarne Fantoni  ima 10-krat manj\u0161o koli\u010dino prostega formaldehida  (pod 0,1 m\/m%) v primerjavi s smolo iz leta 2000. Seveda je tak dose\u017eek mogo\u010d le z  nenehnimi inovacijami.<\/p>\n          \n                  <\/div>\n      <\/div>\n    <\/div>\n      <div style=\"background-color: ;\">\n      <div class=\"wrapper grid grid-cols-1 lg:grid-cols-2 lg:items-center\">\n        <div class=\"flex h-full flex-col items-start justify-center bg-cover bg-center bg-no-repeat\"\n          style=\"\">\n          <div class=\"wrapper py-12 lg:py-16\">\n                          <h2 class=\"text-3xl font-bold uppercase md:text-5xl xl:text-7xl\"\n                style=\"color:#000000;\">\n                2006-2008\n                <\/h2>\n                                  <\/div>\n        <\/div>\n\n        <div class=\"wrapper py-12 lg:py-16\">\n          <p class=\"text-lg leading-snug md:text-xl\"><b>Posodobitev linije za proizvodnjo vlaknenih plo\u0161\u010d. <\/b> Med 2006 in 2008 je Lesonit posodobil proizvodno linijo. Zamenjal je  stroje in naprave od su\u0161ilnika vlaken do konca proizvodne linije. Poleg pozitivnih ekonomskih u\u010dinkov je ta posodobitev tudi zmanj\u0161ala vplive na okolje.\r\nS posodobitvijo linije so se zmanj\u0161ale emisije lesnega prahu. Vsi izpusti odsesovalnih in transportnih sistemov so opremljeni z odpra\u0161evalnimi oziroma pralnimi napravami, ki bistveno zmanj\u0161ujejo emisije v zrak. Podatki iz monitoringov ka\u017eejo, da so se emisije prahu zni\u017eale za 65%,  emisije hrupa v okolje  pa za   4 dBA podnevi in 14dBA pono\u010di.<\/p>\n          \n                  <\/div>\n      <\/div>\n    <\/div>\n      <div style=\"background-color: #edebe6;\">\n      <div class=\"wrapper grid grid-cols-1 lg:grid-cols-2 lg:items-center\">\n        <div class=\"flex h-full flex-col items-start justify-center bg-cover bg-center bg-no-repeat\"\n          style=\"\">\n          <div class=\"wrapper py-12 lg:py-16\">\n                          <h2 class=\"text-3xl font-bold uppercase md:text-5xl xl:text-7xl\"\n                style=\"color:#000000;\">\n                2007-2009\n                <\/h2>\n                                  <\/div>\n        <\/div>\n\n        <div class=\"wrapper py-12 lg:py-16\">\n          <p class=\"text-lg leading-snug md:text-xl\"><b>\u010cistilni napravi za \u010di\u0161\u010denje padavinske odpadne vode iz transportnih in manipulativnih povr\u0161in. <\/b> V letih 2007 do 2009 je Lesonit vgradil dve \u010distilni napravi za \u010di\u0161\u010denje padavinskih odpadnih vod, s katerimi je \u0161e dodatno zmanj\u0161al vpliv na  reko Reko.\r\n\r\n\u010cistilni napravi  sta lovilca olj.  V usedalniku se izlo\u010dajo suspendirane snovi (pesek, lesna vlakna), na povr\u0161ini pa se izlo\u010dijo lahke teko\u010dine (morebiti nezgodno izlito diesel gorivo, olja) in se tu zaustavijo. Po dolo\u010denem \u010dasu jih je treba iz\u010drpati in predati poobla\u0161\u010denemu prevzemniku. Na \u010distilni napravi imamo vgrajen  zasun, ki ga  zapremo v primerih po\u017eara ali nezgodnega izliva nevarnih snovi.  S tem zadr\u017eimo onesna\u017eene vode v kanalizaciji in jim prepre\u010dimo vstop v Reko.<\/p>\n          \n                  <\/div>\n      <\/div>\n    <\/div>\n  <\/div><!-- acf\/panel -->\n\n\n<div id=\"block_955ad7dca27cbef0c8a7ed6458ce9564\" class=\"wp-block-textcenter py-16 lg:py-24\" style=\"background-color:#ddeaaf; color:#000000;\">\n  <div class=\"wrapper md:text-center\" style=\"--wrapper-width: 960px;\">\n          <h2 class=\"text-[2.5rem] font-bold leading-none md:text-5xl lg:text-6xl xl:text-7xl\">\n        Bodo\u010di ukrepi  Lesonita za zmanj\u0161anje vplivov na okolje\n        <\/h2>\n              <div class=\"pt-10 text-xl leading-snug\">V Lesonitu se bomo tudi v bodo\u010de trudili zmanj\u0161ati vplive na okolje, in sicer v bli\u017enji prihodnosti  nameravamo izvesti investicijo, ki bo prinesla izbolj\u0161ave na proizvodnem, okoljskem in prostorskem podro\u010dju. Pri na\u010drtovanju vseh predvidenih posegov smo skrbno upo\u0161tevali okoljske vidike. <b>Vgradnja elektrofiltra dimnih plinov<\/b> bo  kljub pove\u010danju proizvodnje zmanj\u0161ala emisije prahu v okolje. Tak filter je bil vgrajen v mati\u010dnem podjetju Fantoni SPA in deluje zelo dobro. <b>Sedanjo skladi\u0161\u010dna hala bo podalj\u0161ana<\/b> v smeri severozahod za 80 metrov. To bo zastrlo \u0161irjenje hrupa iz Lesonita proti stanovanjskim objektom ob Gub\u010devi ulici. Poleg tega je v Lesonitu  \u0161e 5 hektarjev neurejenih skladi\u0161\u010dnih povr\u0161in, kjer se zaradi transporta dviguje prah in se \u0161iri po okolici. <b>Povr\u0161ine za skladi\u0161\u010denje lesne surovine bomo betonirali<\/b>, transportne poti pa asfaltirali in tako zmanj\u0161ali emisije prahu. Lesonit se je v postopku pridobivanja okoljevarstvenega dovoljenja zavezal za <b>postavitev dodatnih protihrupnih in protipra\u0161nih za\u0161\u010dit<\/b> v obmo\u010dju sekalnice.  Razpr\u0161ene emisije prahu, ki se sedaj ob burji \u0161irijo v okolico, bomo obvladali z dodatnimi stenami in platni.\r\n\r\n<\/div>\n      <\/div>\n<\/div><!-- acf\/textcenter -->\n\n\n<div id=\"block_151d5367f30550fb48a7a22ba213ffde\" class=\"wp-block-textcenter py-16 lg:py-24\" style=\"background-color:#ffffff; color:#000000;\">\n  <div class=\"wrapper md:text-center\" style=\"--wrapper-width: 960px;\">\n          <h2 class=\"text-[2.5rem] font-bold leading-none md:text-5xl lg:text-6xl xl:text-7xl\">\n        Dodatni ukrepi po priporo\u010dilih okoli\u0161kih prebivalcev\n        <\/h2>\n              <div class=\"pt-10 text-xl leading-snug\">Lesonit posku\u0161a z okoli\u0161kimi prebivalci in s \u0161ir\u0161o skupnostjo dose\u010di bolj\u0161e medsebojno zaupanje. Zaradi zgre\u0161ene prostorske politike v preteklih desetletjih so se v neposredni bli\u017eini namre\u010d zna\u0161li proizvodni in bivalni objekti. Za bolj\u0161e sobivanje nameravamo v Lesonitu \u0161e dodatno zni\u017eati vplive na okolje, \u010deprav nam jih v  industrijski coni  ne bi bilo treba. \r\n<\/div>\n      <\/div>\n<\/div><!-- acf\/textcenter -->\n\n\n\n<p><\/p>\n","protected":false},"excerpt":{"rendered":"","protected":false},"author":9,"featured_media":0,"parent":15165,"menu_order":0,"comment_status":"closed","ping_status":"closed","template":"","meta":[],"acf":[],"yoast_head":"<!-- This site is optimized with the Yoast SEO plugin v21.5 - https:\/\/yoast.com\/wordpress\/plugins\/seo\/ -->\n<title>Okolje - Lesonit<\/title>\n<meta name=\"description\" content=\"Izvedite, kako je Lesonit vsak dan zavezan trajnosti in kak\u0161en pomemben napredek je dosegel na tem podro\u010dju v zadnjih dvajsetih letih.\" \/>\n<meta name=\"robots\" content=\"index, follow, max-snippet:-1, max-image-preview:large, max-video-preview:-1\" \/>\n<link rel=\"canonical\" href=\"https:\/\/lesonit.net\/sl\/group\/okolje\/\" \/>\n<meta property=\"og:locale\" content=\"en_US\" \/>\n<meta property=\"og:type\" content=\"article\" \/>\n<meta property=\"og:title\" content=\"Okolje - Lesonit\" \/>\n<meta property=\"og:description\" content=\"Izvedite, kako je Lesonit vsak dan zavezan trajnosti in kak\u0161en pomemben napredek je dosegel na tem podro\u010dju v zadnjih dvajsetih letih.\" \/>\n<meta property=\"og:url\" content=\"https:\/\/lesonit.net\/sl\/group\/okolje\/\" \/>\n<meta property=\"og:site_name\" content=\"Lesonit\" \/>\n<meta property=\"article:publisher\" content=\"https:\/\/facebook.com\/FantoniSPA\" \/>\n<meta property=\"article:modified_time\" content=\"2025-02-18T09:07:43+00:00\" \/>\n<meta name=\"twitter:card\" content=\"summary_large_image\" \/>\n<script type=\"application\/ld+json\" class=\"yoast-schema-graph\">{\"@context\":\"https:\/\/schema.org\",\"@graph\":[{\"@type\":\"WebPage\",\"@id\":\"https:\/\/lesonit.net\/sl\/group\/okolje\/\",\"url\":\"https:\/\/lesonit.net\/sl\/group\/okolje\/\",\"name\":\"Okolje - Lesonit\",\"isPartOf\":{\"@id\":\"https:\/\/lesonit.net\/#website\"},\"datePublished\":\"2024-05-10T07:37:51+00:00\",\"dateModified\":\"2025-02-18T09:07:43+00:00\",\"description\":\"Izvedite, kako je Lesonit vsak dan zavezan trajnosti in kak\u0161en pomemben napredek je dosegel na tem podro\u010dju v zadnjih dvajsetih letih.\",\"breadcrumb\":{\"@id\":\"https:\/\/lesonit.net\/sl\/group\/okolje\/#breadcrumb\"},\"inLanguage\":\"sl\",\"potentialAction\":[{\"@type\":\"ReadAction\",\"target\":[\"https:\/\/lesonit.net\/sl\/group\/okolje\/\"]}]},{\"@type\":\"BreadcrumbList\",\"@id\":\"https:\/\/lesonit.net\/sl\/group\/okolje\/#breadcrumb\",\"itemListElement\":[{\"@type\":\"ListItem\",\"position\":1,\"name\":\"Home\",\"item\":\"https:\/\/lesonit.net\/?lang=sl\"},{\"@type\":\"ListItem\",\"position\":2,\"name\":\"Group\",\"item\":\"https:\/\/lesonit.net\/group\/?lang=sl\"},{\"@type\":\"ListItem\",\"position\":3,\"name\":\"Environment\"}]},{\"@type\":\"WebSite\",\"@id\":\"https:\/\/lesonit.net\/#website\",\"url\":\"https:\/\/lesonit.net\/\",\"name\":\"Fantoni SPA\",\"description\":\"produzione di mobili per ufficio, pannelli truciolari e MDF\",\"publisher\":{\"@id\":\"https:\/\/lesonit.net\/#organization\"},\"potentialAction\":[{\"@type\":\"SearchAction\",\"target\":{\"@type\":\"EntryPoint\",\"urlTemplate\":\"https:\/\/lesonit.net\/?s={search_term_string}\"},\"query-input\":\"required name=search_term_string\"}],\"inLanguage\":\"sl\"},{\"@type\":\"Organization\",\"@id\":\"https:\/\/lesonit.net\/#organization\",\"name\":\"Fantoni SPA\",\"url\":\"https:\/\/lesonit.net\/\",\"logo\":{\"@type\":\"ImageObject\",\"inLanguage\":\"sl\",\"@id\":\"https:\/\/lesonit.net\/#\/schema\/logo\/image\/\",\"url\":\"http:\/\/lesonit.net\/app\/uploads\/2021\/02\/fantoni.png\",\"contentUrl\":\"http:\/\/lesonit.net\/app\/uploads\/2021\/02\/fantoni.png\",\"width\":512,\"height\":119,\"caption\":\"Fantoni SPA\"},\"image\":{\"@id\":\"https:\/\/lesonit.net\/#\/schema\/logo\/image\/\"},\"sameAs\":[\"https:\/\/facebook.com\/FantoniSPA\",\"https:\/\/www.instagram.com\/fantonigroup\/\",\"https:\/\/www.linkedin.com\/company\/fantoni-spa\",\"https:\/\/www.youtube.com\/user\/fantonigroup\/featured\"]}]}<\/script>\n<!-- \/ Yoast SEO plugin. -->","yoast_head_json":{"title":"Okolje - Lesonit","description":"Izvedite, kako je Lesonit vsak dan zavezan trajnosti in kak\u0161en pomemben napredek je dosegel na tem podro\u010dju v zadnjih dvajsetih letih.","robots":{"index":"index","follow":"follow","max-snippet":"max-snippet:-1","max-image-preview":"max-image-preview:large","max-video-preview":"max-video-preview:-1"},"canonical":"https:\/\/lesonit.net\/sl\/group\/okolje\/","og_locale":"en_US","og_type":"article","og_title":"Okolje - Lesonit","og_description":"Izvedite, kako je Lesonit vsak dan zavezan trajnosti in kak\u0161en pomemben napredek je dosegel na tem podro\u010dju v zadnjih dvajsetih letih.","og_url":"https:\/\/lesonit.net\/sl\/group\/okolje\/","og_site_name":"Lesonit","article_publisher":"https:\/\/facebook.com\/FantoniSPA","article_modified_time":"2025-02-18T09:07:43+00:00","twitter_card":"summary_large_image","schema":{"@context":"https:\/\/schema.org","@graph":[{"@type":"WebPage","@id":"https:\/\/lesonit.net\/sl\/group\/okolje\/","url":"https:\/\/lesonit.net\/sl\/group\/okolje\/","name":"Okolje - Lesonit","isPartOf":{"@id":"https:\/\/lesonit.net\/#website"},"datePublished":"2024-05-10T07:37:51+00:00","dateModified":"2025-02-18T09:07:43+00:00","description":"Izvedite, kako je Lesonit vsak dan zavezan trajnosti in kak\u0161en pomemben napredek je dosegel na tem podro\u010dju v zadnjih dvajsetih letih.","breadcrumb":{"@id":"https:\/\/lesonit.net\/sl\/group\/okolje\/#breadcrumb"},"inLanguage":"sl","potentialAction":[{"@type":"ReadAction","target":["https:\/\/lesonit.net\/sl\/group\/okolje\/"]}]},{"@type":"BreadcrumbList","@id":"https:\/\/lesonit.net\/sl\/group\/okolje\/#breadcrumb","itemListElement":[{"@type":"ListItem","position":1,"name":"Home","item":"https:\/\/lesonit.net\/?lang=sl"},{"@type":"ListItem","position":2,"name":"Group","item":"https:\/\/lesonit.net\/group\/?lang=sl"},{"@type":"ListItem","position":3,"name":"Environment"}]},{"@type":"WebSite","@id":"https:\/\/lesonit.net\/#website","url":"https:\/\/lesonit.net\/","name":"Fantoni SPA","description":"produzione di mobili per ufficio, pannelli truciolari e MDF","publisher":{"@id":"https:\/\/lesonit.net\/#organization"},"potentialAction":[{"@type":"SearchAction","target":{"@type":"EntryPoint","urlTemplate":"https:\/\/lesonit.net\/?s={search_term_string}"},"query-input":"required name=search_term_string"}],"inLanguage":"sl"},{"@type":"Organization","@id":"https:\/\/lesonit.net\/#organization","name":"Fantoni SPA","url":"https:\/\/lesonit.net\/","logo":{"@type":"ImageObject","inLanguage":"sl","@id":"https:\/\/lesonit.net\/#\/schema\/logo\/image\/","url":"http:\/\/lesonit.net\/app\/uploads\/2021\/02\/fantoni.png","contentUrl":"http:\/\/lesonit.net\/app\/uploads\/2021\/02\/fantoni.png","width":512,"height":119,"caption":"Fantoni SPA"},"image":{"@id":"https:\/\/lesonit.net\/#\/schema\/logo\/image\/"},"sameAs":["https:\/\/facebook.com\/FantoniSPA","https:\/\/www.instagram.com\/fantonigroup\/","https:\/\/www.linkedin.com\/company\/fantoni-spa","https:\/\/www.youtube.com\/user\/fantonigroup\/featured"]}]}},"_links":{"self":[{"href":"https:\/\/lesonit.net\/sl\/wp-json\/wp\/v2\/pages\/15752"}],"collection":[{"href":"https:\/\/lesonit.net\/sl\/wp-json\/wp\/v2\/pages"}],"about":[{"href":"https:\/\/lesonit.net\/sl\/wp-json\/wp\/v2\/types\/page"}],"author":[{"embeddable":true,"href":"https:\/\/lesonit.net\/sl\/wp-json\/wp\/v2\/users\/9"}],"replies":[{"embeddable":true,"href":"https:\/\/lesonit.net\/sl\/wp-json\/wp\/v2\/comments?post=15752"}],"version-history":[{"count":21,"href":"https:\/\/lesonit.net\/sl\/wp-json\/wp\/v2\/pages\/15752\/revisions"}],"predecessor-version":[{"id":16095,"href":"https:\/\/lesonit.net\/sl\/wp-json\/wp\/v2\/pages\/15752\/revisions\/16095"}],"up":[{"embeddable":true,"href":"https:\/\/lesonit.net\/sl\/wp-json\/wp\/v2\/pages\/15165"}],"wp:attachment":[{"href":"https:\/\/lesonit.net\/sl\/wp-json\/wp\/v2\/media?parent=15752"}],"curies":[{"name":"wp","href":"https:\/\/api.w.org\/{rel}","templated":true}]}}